{"id":442,"date":"2019-08-08T03:02:22","date_gmt":"2019-08-08T03:02:22","guid":{"rendered":"http:\/\/localhost\/industris\/?page_id=442"},"modified":"2025-03-07T12:40:21","modified_gmt":"2025-03-07T12:40:21","slug":"about-us","status":"publish","type":"page","link":"https:\/\/sarganadisticaret.com.tr\/fr\/about-us\/","title":{"rendered":"\u00c0 Propos de Nous"},"content":{"rendered":"<div data-elementor-type=\"wp-post\" data-elementor-id=\"442\" class=\"elementor elementor-442\">\n\t\t\t\t\t\t<section class=\"elementor-section elementor-top-section elementor-element elementor-element-4eb1d62 elementor-section-boxed elementor-section-height-default elementor-section-height-default\" data-id=\"4eb1d62\" data-element_type=\"section\">\n\t\t\t\t\t\t<div class=\"elementor-container elementor-column-gap-extended\">\n\t\t\t\t\t<div class=\"elementor-column elementor-col-33 elementor-top-column elementor-element elementor-element-c7cf5c7\" data-id=\"c7cf5c7\" data-element_type=\"column\">\n\t\t\t<div class=\"elementor-widget-wrap elementor-element-populated\">\n\t\t\t\t\t\t<div class=\"elementor-element elementor-element-fecb90e elementor-widget elementor-widget-iheading\" data-id=\"fecb90e\" data-element_type=\"widget\" data-widget_type=\"iheading.default\">\n\t\t\t\t<div class=\"elementor-widget-container\">\n\t\t\t\t\t\t\t<div class=\"section-head\">\r\n\t        \t            <h6 class=\"text-primary\">NOTRE HISTOIRE<\/h6>\r\n\t        \t        <h2 class=\"section-title\">Sargana D\u0131\u015f Ticaret Ltd. \u015eti. <span class=\"text-primary\"><\/span><\/h2>\r\n\t        \t    <\/div>\r\n\t    \t\t\t\t<\/div>\n\t\t\t\t<\/div>\n\t\t\t\t<div class=\"elementor-element elementor-element-4ea1332 elementor-widget elementor-widget-text-editor\" data-id=\"4ea1332\" data-element_type=\"widget\" data-widget_type=\"text-editor.default\">\n\t\t\t\t<div class=\"elementor-widget-container\">\n\t\t\t\t\t\t\t\t\t<p>Fond\u00e9e en 2023, Sargana vous salue depuis la magnifique Istanbul. L'entreprise s'est rapidement impos\u00e9e comme un fournisseur de confiance de solutions commerciales compl\u00e8tes, sp\u00e9cialis\u00e9e dans l'importation et l'exportation de marchandises et de produits. Gr\u00e2ce \u00e0 notre port\u00e9e mondiale, nous servons fi\u00e8rement des clients aux \u00c9tats-Unis, au Canada, en Europe, au Moyen-Orient, en Extr\u00eame-Orient et dans les pays d'Asie centrale..<\/p><p>Chez Sargana, notre mission est de faciliter le commerce international en mettant en relation les entreprises avec des fournisseurs et des clients fiables \u00e0 travers le monde. Nous nous engageons \u00e0 fournir des services commerciaux de qualit\u00e9 sup\u00e9rieure tout en favorisant des partenariats \u00e0 long terme bas\u00e9s sur la confiance, l\u2019efficacit\u00e9 et la croissance mutuelle.<\/p><p>Forts d'une vaste exp\u00e9rience dans le secteur du commerce, notre \u00e9quipe chez Sargana poss\u00e8de une connaissance approfondie des march\u00e9s mondiaux et une compr\u00e9hension aiguis\u00e9e des diff\u00e9rentes cat\u00e9gories de produits. Nous commercialisons une large gamme de biens et de mati\u00e8res premi\u00e8res, notamment, mais sans s\u2019y limiter, des machines, des pi\u00e8ces d\u00e9tach\u00e9es, des produits chimiques, des plastiques, des pompes, des peintures, des imprimantes, du textile et du bois.<\/p>\t\t\t\t\t\t\t\t<\/div>\n\t\t\t\t<\/div>\n\t\t\t\t\t<\/div>\n\t\t<\/div>\n\t\t\t\t<div class=\"elementor-column elementor-col-33 elementor-top-column elementor-element elementor-element-ad448db elementor-hidden-tablet elementor-hidden-phone\" data-id=\"ad448db\" data-element_type=\"column\">\n\t\t\t<div class=\"elementor-widget-wrap\">\n\t\t\t\t\t\t\t<\/div>\n\t\t<\/div>\n\t\t\t\t<div class=\"elementor-column elementor-col-33 elementor-top-column elementor-element elementor-element-2223052\" data-id=\"2223052\" data-element_type=\"column\">\n\t\t\t<div class=\"elementor-widget-wrap elementor-element-populated\">\n\t\t\t\t\t\t<div class=\"elementor-element elementor-element-c044a71 elementor-widget elementor-widget-image\" data-id=\"c044a71\" data-element_type=\"widget\" data-widget_type=\"image.default\">\n\t\t\t\t<div class=\"elementor-widget-container\">\n\t\t\t\t\t\t\t\t\t\t\t\t\t\t\t<img fetchpriority=\"high\" decoding=\"async\" width=\"750\" height=\"840\" src=\"https:\/\/sarganadisticaret.com.tr\/wp-content\/uploads\/2019\/08\/about1-1.jpg\" class=\"attachment-full size-full wp-image-466\" alt=\"\" srcset=\"https:\/\/sarganadisticaret.com.tr\/wp-content\/uploads\/2019\/08\/about1-1.jpg 750w, https:\/\/sarganadisticaret.com.tr\/wp-content\/uploads\/2019\/08\/about1-1-268x300.jpg 268w\" sizes=\"(max-width: 750px) 100vw, 750px\" \/>\t\t\t\t\t\t\t\t\t\t\t\t\t\t\t<\/div>\n\t\t\t\t<\/div>\n\t\t\t\t\t<\/div>\n\t\t<\/div>\n\t\t\t\t\t<\/div>\n\t\t<\/section>\n\t\t<div class=\"elementor-element elementor-element-318b8bd e-flex e-con-boxed e-con e-parent\" data-id=\"318b8bd\" data-element_type=\"container\">\n\t\t\t\t\t<div class=\"e-con-inner\">\n\t\t\t\t<div class=\"elementor-element elementor-element-b63b14c elementor-widget elementor-widget-industris-image-carousel\" data-id=\"b63b14c\" data-element_type=\"widget\" data-widget_type=\"industris-image-carousel.default\">\n\t\t\t\t<div class=\"elementor-widget-container\">\n\t\t\t\t\t\r\n\t\t<div class=\"image-carousel iarrow\" data-show=\"1\" data-arrow=\"true\" data-dots=\"false\" data-auto=\"true\">\r\n\t        <div><div class=\"img-item\"><figure><img decoding=\"async\" width=\"2560\" height=\"1707\" src=\"https:\/\/sarganadisticaret.com.tr\/wp-content\/uploads\/2025\/03\/haghia-sophia-istanbul-turkey-2023-11-27-05-25-10-utc-scaled.jpg\" class=\"attachment-full size-full\" alt=\"\" srcset=\"https:\/\/sarganadisticaret.com.tr\/wp-content\/uploads\/2025\/03\/haghia-sophia-istanbul-turkey-2023-11-27-05-25-10-utc-scaled.jpg 2560w, https:\/\/sarganadisticaret.com.tr\/wp-content\/uploads\/2025\/03\/haghia-sophia-istanbul-turkey-2023-11-27-05-25-10-utc-300x200.jpg 300w, https:\/\/sarganadisticaret.com.tr\/wp-content\/uploads\/2025\/03\/haghia-sophia-istanbul-turkey-2023-11-27-05-25-10-utc-1024x683.jpg 1024w, https:\/\/sarganadisticaret.com.tr\/wp-content\/uploads\/2025\/03\/haghia-sophia-istanbul-turkey-2023-11-27-05-25-10-utc-768x512.jpg 768w, https:\/\/sarganadisticaret.com.tr\/wp-content\/uploads\/2025\/03\/haghia-sophia-istanbul-turkey-2023-11-27-05-25-10-utc-1536x1024.jpg 1536w, https:\/\/sarganadisticaret.com.tr\/wp-content\/uploads\/2025\/03\/haghia-sophia-istanbul-turkey-2023-11-27-05-25-10-utc-2048x1365.jpg 2048w\" sizes=\"(max-width: 2560px) 100vw, 2560px\" \/><\/figure><\/div><\/div><div><div class=\"img-item\"><figure><img decoding=\"async\" width=\"2560\" height=\"1707\" src=\"https:\/\/sarganadisticaret.com.tr\/wp-content\/uploads\/2025\/03\/galata-tower-and-bosphorus-strait-in-istanbul-kar-2025-01-27-17-09-05-utc-scaled.jpg\" class=\"attachment-full size-full\" alt=\"\" srcset=\"https:\/\/sarganadisticaret.com.tr\/wp-content\/uploads\/2025\/03\/galata-tower-and-bosphorus-strait-in-istanbul-kar-2025-01-27-17-09-05-utc-scaled.jpg 2560w, https:\/\/sarganadisticaret.com.tr\/wp-content\/uploads\/2025\/03\/galata-tower-and-bosphorus-strait-in-istanbul-kar-2025-01-27-17-09-05-utc-300x200.jpg 300w, https:\/\/sarganadisticaret.com.tr\/wp-content\/uploads\/2025\/03\/galata-tower-and-bosphorus-strait-in-istanbul-kar-2025-01-27-17-09-05-utc-1024x683.jpg 1024w, https:\/\/sarganadisticaret.com.tr\/wp-content\/uploads\/2025\/03\/galata-tower-and-bosphorus-strait-in-istanbul-kar-2025-01-27-17-09-05-utc-768x512.jpg 768w, https:\/\/sarganadisticaret.com.tr\/wp-content\/uploads\/2025\/03\/galata-tower-and-bosphorus-strait-in-istanbul-kar-2025-01-27-17-09-05-utc-1536x1024.jpg 1536w, https:\/\/sarganadisticaret.com.tr\/wp-content\/uploads\/2025\/03\/galata-tower-and-bosphorus-strait-in-istanbul-kar-2025-01-27-17-09-05-utc-2048x1365.jpg 2048w\" sizes=\"(max-width: 2560px) 100vw, 2560px\" \/><\/figure><\/div><\/div><div><div class=\"img-item\"><figure><img loading=\"lazy\" decoding=\"async\" width=\"2560\" height=\"1738\" src=\"https:\/\/sarganadisticaret.com.tr\/wp-content\/uploads\/2025\/03\/exterior-of-ortakoy-mosque-and-bhosphorus-bridge-a-2024-06-12-01-16-04-utc-scaled.jpg\" class=\"attachment-full size-full\" alt=\"\" srcset=\"https:\/\/sarganadisticaret.com.tr\/wp-content\/uploads\/2025\/03\/exterior-of-ortakoy-mosque-and-bhosphorus-bridge-a-2024-06-12-01-16-04-utc-scaled.jpg 2560w, https:\/\/sarganadisticaret.com.tr\/wp-content\/uploads\/2025\/03\/exterior-of-ortakoy-mosque-and-bhosphorus-bridge-a-2024-06-12-01-16-04-utc-300x204.jpg 300w, https:\/\/sarganadisticaret.com.tr\/wp-content\/uploads\/2025\/03\/exterior-of-ortakoy-mosque-and-bhosphorus-bridge-a-2024-06-12-01-16-04-utc-1024x695.jpg 1024w, https:\/\/sarganadisticaret.com.tr\/wp-content\/uploads\/2025\/03\/exterior-of-ortakoy-mosque-and-bhosphorus-bridge-a-2024-06-12-01-16-04-utc-768x521.jpg 768w, https:\/\/sarganadisticaret.com.tr\/wp-content\/uploads\/2025\/03\/exterior-of-ortakoy-mosque-and-bhosphorus-bridge-a-2024-06-12-01-16-04-utc-1536x1043.jpg 1536w, https:\/\/sarganadisticaret.com.tr\/wp-content\/uploads\/2025\/03\/exterior-of-ortakoy-mosque-and-bhosphorus-bridge-a-2024-06-12-01-16-04-utc-2048x1390.jpg 2048w\" sizes=\"(max-width: 2560px) 100vw, 2560px\" \/><\/figure><\/div><\/div>\t    <\/div>\r\n\t\t\t\t\t\t<\/div>\n\t\t\t\t<\/div>\n\t\t\t\t\t<\/div>\n\t\t\t\t<\/div>\n\t\t\t\t<section class=\"elementor-section elementor-top-section elementor-element elementor-element-89442a8 elementor-section-content-middle elementor-section-boxed elementor-section-height-default elementor-section-height-default\" data-id=\"89442a8\" data-element_type=\"section\" data-settings=\"{&quot;background_background&quot;:&quot;classic&quot;}\">\n\t\t\t\t\t\t<div class=\"elementor-container elementor-column-gap-extended\">\n\t\t\t\t\t<div class=\"elementor-column elementor-col-50 elementor-top-column elementor-element elementor-element-125e119\" data-id=\"125e119\" data-element_type=\"column\">\n\t\t\t<div class=\"elementor-widget-wrap elementor-element-populated\">\n\t\t\t\t\t\t<div class=\"elementor-element elementor-element-9f455a1 elementor-widget elementor-widget-heading\" data-id=\"9f455a1\" data-element_type=\"widget\" data-widget_type=\"heading.default\">\n\t\t\t\t<div class=\"elementor-widget-container\">\n\t\t\t\t\t<h4 class=\"elementor-heading-title elementor-size-default\">Nos Valeurs<\/h4>\t\t\t\t<\/div>\n\t\t\t\t<\/div>\n\t\t\t\t<div class=\"elementor-element elementor-element-059b55a elementor-widget elementor-widget-text-editor\" data-id=\"059b55a\" data-element_type=\"widget\" data-widget_type=\"text-editor.default\">\n\t\t\t\t<div class=\"elementor-widget-container\">\n\t\t\t\t\t\t\t\t\t<p data-start=\"129\" data-end=\"183\"><strong data-start=\"132\" data-end=\"165\">Sargana D\u0131\u015f Ticaret Ltd. \u015eti.<\/strong>&nbsp;croit en :<\/p>\n<ul data-start=\"184\" data-end=\"635\">\n<li data-start=\"184\" data-end=\"276\"><strong data-start=\"186\" data-end=\"207\">Confiance et Int\u00e9grit\u00e9<\/strong> \u2013 \u00c9tablir des relations solides et transparentes avec nos partenaires..<\/li>\n<li data-start=\"277\" data-end=\"365\"><strong data-start=\"279\" data-end=\"300\">Excellence Mondiale<\/strong> \u2013 Fournir des solutions commerciales de premier ordre avec une port\u00e9e internationale.<\/li>\n<li data-start=\"366\" data-end=\"458\"><strong data-start=\"368\" data-end=\"397\">Approche Centr\u00e9e sur le Client<\/strong> \u2013 Adapter nos services pour r\u00e9pondre efficacement aux besoins des clients.<\/li>\n<li data-start=\"459\" data-end=\"542\"><strong data-start=\"461\" data-end=\"484\">Innovation et Croissance<\/strong> \u2013 S'am\u00e9liorer continuellement pour rester en avance dans le commerce mondial.<\/li>\n<li data-start=\"543\" data-end=\"635\"><strong data-start=\"545\" data-end=\"573\">Fiabilit\u00e9 et Conformit\u00e9<\/strong> \u2013 Garantir que toutes les op\u00e9rations respectent les normes l\u00e9gales et \u00e9thiques.<\/li>\n<\/ul>\t\t\t\t\t\t\t\t<\/div>\n\t\t\t\t<\/div>\n\t\t\t\t\t<\/div>\n\t\t<\/div>\n\t\t\t\t<div class=\"elementor-column elementor-col-50 elementor-top-column elementor-element elementor-element-db48a3d\" data-id=\"db48a3d\" data-element_type=\"column\">\n\t\t\t<div class=\"elementor-widget-wrap elementor-element-populated\">\n\t\t\t\t\t\t<div class=\"elementor-element elementor-element-72a2ae4 elementor-widget elementor-widget-heading\" data-id=\"72a2ae4\" data-element_type=\"widget\" data-widget_type=\"heading.default\">\n\t\t\t\t<div class=\"elementor-widget-container\">\n\t\t\t\t\t<h4 class=\"elementor-heading-title elementor-size-default\">Pourquoi Sommes-nous Diff\u00e9rents<\/h4>\t\t\t\t<\/div>\n\t\t\t\t<\/div>\n\t\t\t\t<div class=\"elementor-element elementor-element-3b139c9 elementor-widget elementor-widget-text-editor\" data-id=\"3b139c9\" data-element_type=\"widget\" data-widget_type=\"text-editor.default\">\n\t\t\t\t<div class=\"elementor-widget-container\">\n\t\t\t\t\t\t\t\t\t<p>Nous Offrons <strong data-start=\"681\" data-end=\"714\">Bien plus que de simples services commerciaux<\/strong>\u2013 Nous offrons des solutions fluides et personnalis\u00e9es pour rendre le commerce mondial sans effort.<\/p>\t\t\t\t\t\t\t\t<\/div>\n\t\t\t\t<\/div>\n\t\t\t\t<div class=\"elementor-element elementor-element-e917f07 elementor-icon-list--layout-traditional elementor-list-item-link-full_width elementor-widget elementor-widget-icon-list\" data-id=\"e917f07\" data-element_type=\"widget\" data-widget_type=\"icon-list.default\">\n\t\t\t\t<div class=\"elementor-widget-container\">\n\t\t\t\t\t\t\t<ul class=\"elementor-icon-list-items\">\n\t\t\t\t\t\t\t<li class=\"elementor-icon-list-item\">\n\t\t\t\t\t\t\t\t\t\t\t<a href=\"#\" target=\"_blank\">\n\n\t\t\t\t\t\t\t\t\t\t\t\t<span class=\"elementor-icon-list-icon\">\n\t\t\t\t\t\t\t<svg aria-hidden=\"true\" class=\"e-font-icon-svg e-fas-check-circle\" viewbox=\"0 0 512 512\" xmlns=\"http:\/\/www.w3.org\/2000\/svg\"><path d=\"M504 256c0 136.967-111.033 248-248 248S8 392.967 8 256 119.033 8 256 8s248 111.033 248 248zM227.314 387.314l184-184c6.248-6.248 6.248-16.379 0-22.627l-22.627-22.627c-6.248-6.249-16.379-6.249-22.628 0L216 308.118l-70.059-70.059c-6.248-6.248-16.379-6.248-22.628 0l-22.627 22.627c-6.248 6.248-6.248 16.379 0 22.627l104 104c6.249 6.249 16.379 6.249 22.628.001z\"><\/path><\/svg>\t\t\t\t\t\t<\/span>\n\t\t\t\t\t\t\t\t\t\t<span class=\"elementor-icon-list-text\">Traitement Commercial Rapide et S\u00e9curis\u00e9<\/span>\n\t\t\t\t\t\t\t\t\t\t\t<\/a>\n\t\t\t\t\t\t\t\t\t<\/li>\n\t\t\t\t\t\t\t\t<li class=\"elementor-icon-list-item\">\n\t\t\t\t\t\t\t\t\t\t\t<a href=\"#\" target=\"_blank\">\n\n\t\t\t\t\t\t\t\t\t\t\t\t<span class=\"elementor-icon-list-icon\">\n\t\t\t\t\t\t\t<svg aria-hidden=\"true\" class=\"e-font-icon-svg e-fas-check-circle\" viewbox=\"0 0 512 512\" xmlns=\"http:\/\/www.w3.org\/2000\/svg\"><path d=\"M504 256c0 136.967-111.033 248-248 248S8 392.967 8 256 119.033 8 256 8s248 111.033 248 248zM227.314 387.314l184-184c6.248-6.248 6.248-16.379 0-22.627l-22.627-22.627c-6.248-6.249-16.379-6.249-22.628 0L216 308.118l-70.059-70.059c-6.248-6.248-16.379-6.248-22.628 0l-22.627 22.627c-6.248 6.248-6.248 16.379 0 22.627l104 104c6.249 6.249 16.379 6.249 22.628.001z\"><\/path><\/svg>\t\t\t\t\t\t<\/span>\n\t\t\t\t\t\t\t\t\t\t<span class=\"elementor-icon-list-text\">R\u00e9seau Mondial \u00c9tendu<\/span>\n\t\t\t\t\t\t\t\t\t\t\t<\/a>\n\t\t\t\t\t\t\t\t\t<\/li>\n\t\t\t\t\t\t\t\t<li class=\"elementor-icon-list-item\">\n\t\t\t\t\t\t\t\t\t\t\t<a href=\"#\" target=\"_blank\">\n\n\t\t\t\t\t\t\t\t\t\t\t\t<span class=\"elementor-icon-list-icon\">\n\t\t\t\t\t\t\t<svg aria-hidden=\"true\" class=\"e-font-icon-svg e-fas-check-circle\" viewbox=\"0 0 512 512\" xmlns=\"http:\/\/www.w3.org\/2000\/svg\"><path d=\"M504 256c0 136.967-111.033 248-248 248S8 392.967 8 256 119.033 8 256 8s248 111.033 248 248zM227.314 387.314l184-184c6.248-6.248 6.248-16.379 0-22.627l-22.627-22.627c-6.248-6.249-16.379-6.249-22.628 0L216 308.118l-70.059-70.059c-6.248-6.248-16.379-6.248-22.628 0l-22.627 22.627c-6.248 6.248-6.248 16.379 0 22.627l104 104c6.249 6.249 16.379 6.249 22.628.001z\"><\/path><\/svg>\t\t\t\t\t\t<\/span>\n\t\t\t\t\t\t\t\t\t\t<span class=\"elementor-icon-list-text\">Tarification Flexible et Transparente<\/span>\n\t\t\t\t\t\t\t\t\t\t\t<\/a>\n\t\t\t\t\t\t\t\t\t<\/li>\n\t\t\t\t\t\t\t\t<li class=\"elementor-icon-list-item\">\n\t\t\t\t\t\t\t\t\t\t\t<a href=\"#\" target=\"_blank\">\n\n\t\t\t\t\t\t\t\t\t\t\t\t<span class=\"elementor-icon-list-icon\">\n\t\t\t\t\t\t\t<svg aria-hidden=\"true\" class=\"e-font-icon-svg e-fas-check-circle\" viewbox=\"0 0 512 512\" xmlns=\"http:\/\/www.w3.org\/2000\/svg\"><path d=\"M504 256c0 136.967-111.033 248-248 248S8 392.967 8 256 119.033 8 256 8s248 111.033 248 248zM227.314 387.314l184-184c6.248-6.248 6.248-16.379 0-22.627l-22.627-22.627c-6.248-6.249-16.379-6.249-22.628 0L216 308.118l-70.059-70.059c-6.248-6.248-16.379-6.248-22.628 0l-22.627 22.627c-6.248 6.248-6.248 16.379 0 22.627l104 104c6.249 6.249 16.379 6.249 22.628.001z\"><\/path><\/svg>\t\t\t\t\t\t<\/span>\n\t\t\t\t\t\t\t\t\t\t<span class=\"elementor-icon-list-text\">Support de A \u00e0 Z<\/span>\n\t\t\t\t\t\t\t\t\t\t\t<\/a>\n\t\t\t\t\t\t\t\t\t<\/li>\n\t\t\t\t\t\t<\/ul>\n\t\t\t\t\t\t<\/div>\n\t\t\t\t<\/div>\n\t\t\t\t\t<\/div>\n\t\t<\/div>\n\t\t\t\t\t<\/div>\n\t\t<\/section>\n\t\t\t\t<section class=\"elementor-section elementor-top-section elementor-element elementor-element-6b935c3d elementor-section-full_width elementor-section-height-default elementor-section-height-default\" data-id=\"6b935c3d\" data-element_type=\"section\" id=\"info_section\" data-settings=\"{&quot;background_background&quot;:&quot;classic&quot;}\">\n\t\t\t\t\t\t<div class=\"elementor-container elementor-column-gap-default\">\n\t\t\t\t\t<div class=\"elementor-column elementor-col-100 elementor-top-column elementor-element elementor-element-611a42a7\" data-id=\"611a42a7\" data-element_type=\"column\">\n\t\t\t<div class=\"elementor-widget-wrap elementor-element-populated\">\n\t\t\t\t\t\t<section class=\"elementor-section elementor-inner-section elementor-element elementor-element-7d036957 elementor-section-content-middle elementor-section-boxed elementor-section-height-default elementor-section-height-default\" data-id=\"7d036957\" data-element_type=\"section\">\n\t\t\t\t\t\t<div class=\"elementor-container elementor-column-gap-default\">\n\t\t\t\t\t<div class=\"elementor-column elementor-col-50 elementor-inner-column elementor-element elementor-element-7ef139c8\" data-id=\"7ef139c8\" data-element_type=\"column\">\n\t\t\t<div class=\"elementor-widget-wrap elementor-element-populated\">\n\t\t\t\t\t\t<div class=\"elementor-element elementor-element-e158f99 animated-slow elementor-widget__width-initial elementor-widget-tablet__width-initial elementor-widget-mobile__width-initial elementor-invisible elementor-widget elementor-widget-counter\" data-id=\"e158f99\" data-element_type=\"widget\" data-settings=\"{&quot;_animation&quot;:&quot;fadeInUp&quot;}\" data-widget_type=\"counter.default\">\n\t\t\t\t<div class=\"elementor-widget-container\">\n\t\t\t\t\t\t\t<div class=\"elementor-counter\">\n\t\t\t<div class=\"elementor-counter-title\">CLIENTS<\/div>\t\t\t<div class=\"elementor-counter-number-wrapper\">\n\t\t\t\t<span class=\"elementor-counter-number-prefix\"><\/span>\n\t\t\t\t<span class=\"elementor-counter-number\" data-duration=\"2000\" data-to-value=\"500\" data-from-value=\"430\" data-delimiter=\",\">430<\/span>\n\t\t\t\t<span class=\"elementor-counter-number-suffix\">+<\/span>\n\t\t\t<\/div>\n\t\t<\/div>\n\t\t\t\t\t\t<\/div>\n\t\t\t\t<\/div>\n\t\t\t\t<div class=\"elementor-element elementor-element-7596c10b animated-slow elementor-widget__width-initial elementor-widget-tablet__width-initial elementor-widget-mobile__width-initial elementor-invisible elementor-widget elementor-widget-counter\" data-id=\"7596c10b\" data-element_type=\"widget\" data-settings=\"{&quot;_animation&quot;:&quot;fadeInUp&quot;}\" data-widget_type=\"counter.default\">\n\t\t\t\t<div class=\"elementor-widget-container\">\n\t\t\t\t\t\t\t<div class=\"elementor-counter\">\n\t\t\t<div class=\"elementor-counter-title\">SATISFACTION<\/div>\t\t\t<div class=\"elementor-counter-number-wrapper\">\n\t\t\t\t<span class=\"elementor-counter-number-prefix\"><\/span>\n\t\t\t\t<span class=\"elementor-counter-number\" data-duration=\"2000\" data-to-value=\"100\" data-from-value=\"85\" data-delimiter=\",\">85<\/span>\n\t\t\t\t<span class=\"elementor-counter-number-suffix\">%<\/span>\n\t\t\t<\/div>\n\t\t<\/div>\n\t\t\t\t\t\t<\/div>\n\t\t\t\t<\/div>\n\t\t\t\t\t<\/div>\n\t\t<\/div>\n\t\t\t\t<div class=\"elementor-column elementor-col-50 elementor-inner-column elementor-element elementor-element-cdf462b\" data-id=\"cdf462b\" data-element_type=\"column\">\n\t\t\t<div class=\"elementor-widget-wrap elementor-element-populated\">\n\t\t\t\t\t\t<div class=\"elementor-element elementor-element-71904f7 elementor-widget elementor-widget-heading\" data-id=\"71904f7\" data-element_type=\"widget\" data-widget_type=\"heading.default\">\n\t\t\t\t<div class=\"elementor-widget-container\">\n\t\t\t\t\t<h4 class=\"elementor-heading-title elementor-size-default\">Approche Centr\u00e9e sur le Client<\/h4>\t\t\t\t<\/div>\n\t\t\t\t<\/div>\n\t\t\t\t<div class=\"elementor-element elementor-element-c053867 elementor-widget elementor-widget-text-editor\" data-id=\"c053867\" data-element_type=\"widget\" data-widget_type=\"text-editor.default\">\n\t\t\t\t<div class=\"elementor-widget-container\">\n\t\t\t\t\t\t\t\t\t<p>Nous sommes fiers de notre approche centr\u00e9e sur le client, qui nous a valu la confiance de plus de 500 clients satisfaits. Notre \u00e9quipe d\u00e9vou\u00e9e travaille en \u00e9troite collaboration avec nos clients pour comprendre leurs besoins sp\u00e9cifiques, leurs pr\u00e9f\u00e9rences et leurs contraintes budg\u00e9taires. En offrant une attention personnalis\u00e9e et des solutions sur mesure, nous nous effor\u00e7ons de d\u00e9passer les attentes de nos clients \u00e0 chaque \u00e9tape.<\/p>\t\t\t\t\t\t\t\t<\/div>\n\t\t\t\t<\/div>\n\t\t\t\t<div class=\"elementor-element elementor-element-4c7f163f elementor-hidden-phone elementor-widget elementor-widget-spacer\" data-id=\"4c7f163f\" data-element_type=\"widget\" data-widget_type=\"spacer.default\">\n\t\t\t\t<div class=\"elementor-widget-container\">\n\t\t\t\t\t\t\t<div class=\"elementor-spacer\">\n\t\t\t<div class=\"elementor-spacer-inner\"><\/div>\n\t\t<\/div>\n\t\t\t\t\t\t<\/div>\n\t\t\t\t<\/div>\n\t\t\t\t<div class=\"elementor-element elementor-element-4e0ced57 elementor-widget elementor-widget-spacer\" data-id=\"4e0ced57\" data-element_type=\"widget\" data-widget_type=\"spacer.default\">\n\t\t\t\t<div class=\"elementor-widget-container\">\n\t\t\t\t\t\t\t<div class=\"elementor-spacer\">\n\t\t\t<div class=\"elementor-spacer-inner\"><\/div>\n\t\t<\/div>\n\t\t\t\t\t\t<\/div>\n\t\t\t\t<\/div>\n\t\t\t\t\t<\/div>\n\t\t<\/div>\n\t\t\t\t\t<\/div>\n\t\t<\/section>\n\t\t\t\t\t<\/div>\n\t\t<\/div>\n\t\t\t\t\t<\/div>\n\t\t<\/section>\n\t\t\t\t<\/div>","protected":false},"excerpt":{"rendered":"<p>OUR STORY Sargana D\u0131\u015f Ticaret Ltd. \u015eti. Founded in 2023, Sargana salutes you from the magnificent Istanbul. The company has quickly emerged as a trusted provider of comprehensive trading solutions, specializing in importing and exporting goods and commodities. With a global reach, we proudly serve clients across the USA, Canada, Europe, Middle East, Far East [&hellip;]<\/p>","protected":false},"author":1,"featured_media":0,"parent":0,"menu_order":0,"comment_status":"closed","ping_status":"closed","template":"elementor_header_footer","meta":{"footnotes":""},"class_list":["post-442","page","type-page","status-publish","hentry"],"_links":{"self":[{"href":"https:\/\/sarganadisticaret.com.tr\/fr\/wp-json\/wp\/v2\/pages\/442","targetHints":{"allow":["GET"]}}],"collection":[{"href":"https:\/\/sarganadisticaret.com.tr\/fr\/wp-json\/wp\/v2\/pages"}],"about":[{"href":"https:\/\/sarganadisticaret.com.tr\/fr\/wp-json\/wp\/v2\/types\/page"}],"author":[{"embeddable":true,"href":"https:\/\/sarganadisticaret.com.tr\/fr\/wp-json\/wp\/v2\/users\/1"}],"replies":[{"embeddable":true,"href":"https:\/\/sarganadisticaret.com.tr\/fr\/wp-json\/wp\/v2\/comments?post=442"}],"version-history":[{"count":64,"href":"https:\/\/sarganadisticaret.com.tr\/fr\/wp-json\/wp\/v2\/pages\/442\/revisions"}],"predecessor-version":[{"id":2383,"href":"https:\/\/sarganadisticaret.com.tr\/fr\/wp-json\/wp\/v2\/pages\/442\/revisions\/2383"}],"wp:attachment":[{"href":"https:\/\/sarganadisticaret.com.tr\/fr\/wp-json\/wp\/v2\/media?parent=442"}],"curies":[{"name":"wp","href":"https:\/\/api.w.org\/{rel}","templated":true}]}}