{"id":615,"date":"2019-08-16T07:19:58","date_gmt":"2019-08-16T07:19:58","guid":{"rendered":"http:\/\/localhost\/industris\/?page_id=615"},"modified":"2025-03-07T12:44:03","modified_gmt":"2025-03-07T12:44:03","slug":"our-services","status":"publish","type":"page","link":"https:\/\/sarganadisticaret.com.tr\/fr\/our-services\/","title":{"rendered":"Nos Services"},"content":{"rendered":"<div data-elementor-type=\"wp-post\" data-elementor-id=\"615\" class=\"elementor elementor-615\">\n\t\t\t\t\t\t<section class=\"elementor-section elementor-top-section elementor-element elementor-element-6a787286 elementor-section-content-middle elementor-section-boxed elementor-section-height-default elementor-section-height-default\" data-id=\"6a787286\" data-element_type=\"section\">\n\t\t\t\t\t\t<div class=\"elementor-container elementor-column-gap-extended\">\n\t\t\t\t\t<div class=\"elementor-column elementor-col-33 elementor-top-column elementor-element elementor-element-377fdc08\" data-id=\"377fdc08\" data-element_type=\"column\">\n\t\t\t<div class=\"elementor-widget-wrap elementor-element-populated\">\n\t\t\t\t\t\t<div class=\"elementor-element elementor-element-2e3d8e9c elementor-widget elementor-widget-iheading\" data-id=\"2e3d8e9c\" data-element_type=\"widget\" data-widget_type=\"iheading.default\">\n\t\t\t\t<div class=\"elementor-widget-container\">\n\t\t\t\t\t\t\t<div class=\"section-head\">\r\n\t        \t            <h6 class=\"text-primary\">Sargana D\u0131\u015f Ticaret Ltd. \u015eti.<\/h6>\r\n\t        \t        <h2 class=\"section-title\">Nos Services <span class=\"text-primary\"><\/span><\/h2>\r\n\t        \t    <\/div>\r\n\t    \t\t\t\t<\/div>\n\t\t\t\t<\/div>\n\t\t\t\t<div class=\"elementor-element elementor-element-17e8148b elementor-widget elementor-widget-text-editor\" data-id=\"17e8148b\" data-element_type=\"widget\" data-widget_type=\"text-editor.default\">\n\t\t\t\t<div class=\"elementor-widget-container\">\n\t\t\t\t\t\t\t\t\t<p>D\u0131\u015f Ticaret Ltd. \u015eti. propose des solutions commerciales de bout en bout, rendant le commerce international fluide et efficace. Gr\u00e2ce \u00e0 son r\u00e9seau mondial solide et \u00e0 son emplacement strat\u00e9gique \u00e0 Istanbul, nous assurons des op\u00e9rations d'importation, d'exportation et de logistique sans encombre.<\/p>\t\t\t\t\t\t\t\t<\/div>\n\t\t\t\t<\/div>\n\t\t\t\t<div class=\"elementor-element elementor-element-5a59fc9c elementor-widget elementor-widget-heading\" data-id=\"5a59fc9c\" data-element_type=\"widget\" data-widget_type=\"heading.default\">\n\t\t\t\t<div class=\"elementor-widget-container\">\n\t\t\t\t\t<h4 class=\"elementor-heading-title elementor-size-default\">Points forts<\/h4>\t\t\t\t<\/div>\n\t\t\t\t<\/div>\n\t\t\t\t<section class=\"elementor-section elementor-inner-section elementor-element elementor-element-549f39bc elementor-section-full_width elementor-section-height-default elementor-section-height-default\" data-id=\"549f39bc\" data-element_type=\"section\">\n\t\t\t\t\t\t<div class=\"elementor-container elementor-column-gap-extended\">\n\t\t\t\t\t<div class=\"elementor-column elementor-col-33 elementor-inner-column elementor-element elementor-element-251e970b\" data-id=\"251e970b\" data-element_type=\"column\">\n\t\t\t<div class=\"elementor-widget-wrap elementor-element-populated\">\n\t\t\t\t\t\t<div class=\"elementor-element elementor-element-1961a578 elementor-view-default elementor-widget elementor-widget-icon\" data-id=\"1961a578\" data-element_type=\"widget\" data-widget_type=\"icon.default\">\n\t\t\t\t<div class=\"elementor-widget-container\">\n\t\t\t\t\t\t\t<div class=\"elementor-icon-wrapper\">\n\t\t\t<div class=\"elementor-icon\">\n\t\t\t<svg aria-hidden=\"true\" class=\"e-font-icon-svg e-far-life-ring\" viewbox=\"0 0 512 512\" xmlns=\"http:\/\/www.w3.org\/2000\/svg\"><path d=\"M256 504c136.967 0 248-111.033 248-248S392.967 8 256 8 8 119.033 8 256s111.033 248 248 248zm-103.398-76.72l53.411-53.411c31.806 13.506 68.128 13.522 99.974 0l53.411 53.411c-63.217 38.319-143.579 38.319-206.796 0zM336 256c0 44.112-35.888 80-80 80s-80-35.888-80-80 35.888-80 80-80 80 35.888 80 80zm91.28 103.398l-53.411-53.411c13.505-31.806 13.522-68.128 0-99.974l53.411-53.411c38.319 63.217 38.319 143.579 0 206.796zM359.397 84.72l-53.411 53.411c-31.806-13.505-68.128-13.522-99.973 0L152.602 84.72c63.217-38.319 143.579-38.319 206.795 0zM84.72 152.602l53.411 53.411c-13.506 31.806-13.522 68.128 0 99.974L84.72 359.398c-38.319-63.217-38.319-143.579 0-206.796z\"><\/path><\/svg>\t\t\t<\/div>\n\t\t<\/div>\n\t\t\t\t\t\t<\/div>\n\t\t\t\t<\/div>\n\t\t\t\t<div class=\"elementor-element elementor-element-4679f9a8 elementor-widget elementor-widget-heading\" data-id=\"4679f9a8\" data-element_type=\"widget\" data-widget_type=\"heading.default\">\n\t\t\t\t<div class=\"elementor-widget-container\">\n\t\t\t\t\t<h6 class=\"elementor-heading-title elementor-size-default\">Support 24h\/7j<\/h6>\t\t\t\t<\/div>\n\t\t\t\t<\/div>\n\t\t\t\t\t<\/div>\n\t\t<\/div>\n\t\t\t\t<div class=\"elementor-column elementor-col-33 elementor-inner-column elementor-element elementor-element-788ec6a3\" data-id=\"788ec6a3\" data-element_type=\"column\">\n\t\t\t<div class=\"elementor-widget-wrap elementor-element-populated\">\n\t\t\t\t\t\t<div class=\"elementor-element elementor-element-1a959087 elementor-view-default elementor-widget elementor-widget-icon\" data-id=\"1a959087\" data-element_type=\"widget\" data-widget_type=\"icon.default\">\n\t\t\t\t<div class=\"elementor-widget-container\">\n\t\t\t\t\t\t\t<div class=\"elementor-icon-wrapper\">\n\t\t\t<div class=\"elementor-icon\">\n\t\t\t<svg aria-hidden=\"true\" class=\"e-font-icon-svg e-fas-hammer\" viewbox=\"0 0 576 512\" xmlns=\"http:\/\/www.w3.org\/2000\/svg\"><path d=\"M571.31 193.94l-22.63-22.63c-6.25-6.25-16.38-6.25-22.63 0l-11.31 11.31-28.9-28.9c5.63-21.31.36-44.9-16.35-61.61l-45.25-45.25c-62.48-62.48-163.79-62.48-226.28 0l90.51 45.25v18.75c0 16.97 6.74 33.25 18.75 45.25l49.14 49.14c16.71 16.71 40.3 21.98 61.61 16.35l28.9 28.9-11.31 11.31c-6.25 6.25-6.25 16.38 0 22.63l22.63 22.63c6.25 6.25 16.38 6.25 22.63 0l90.51-90.51c6.23-6.24 6.23-16.37-.02-22.62zm-286.72-15.2c-3.7-3.7-6.84-7.79-9.85-11.95L19.64 404.96c-25.57 23.88-26.26 64.19-1.53 88.93s65.05 24.05 88.93-1.53l238.13-255.07c-3.96-2.91-7.9-5.87-11.44-9.41l-49.14-49.14z\"><\/path><\/svg>\t\t\t<\/div>\n\t\t<\/div>\n\t\t\t\t\t\t<\/div>\n\t\t\t\t<\/div>\n\t\t\t\t<div class=\"elementor-element elementor-element-1b3a3486 elementor-widget elementor-widget-heading\" data-id=\"1b3a3486\" data-element_type=\"widget\" data-widget_type=\"heading.default\">\n\t\t\t\t<div class=\"elementor-widget-container\">\n\t\t\t\t\t<h6 class=\"elementor-heading-title elementor-size-default\">Maintenance<\/h6>\t\t\t\t<\/div>\n\t\t\t\t<\/div>\n\t\t\t\t\t<\/div>\n\t\t<\/div>\n\t\t\t\t<div class=\"elementor-column elementor-col-33 elementor-inner-column elementor-element elementor-element-4069836\" data-id=\"4069836\" data-element_type=\"column\">\n\t\t\t<div class=\"elementor-widget-wrap elementor-element-populated\">\n\t\t\t\t\t\t<div class=\"elementor-element elementor-element-3b26cbde elementor-view-default elementor-widget elementor-widget-icon\" data-id=\"3b26cbde\" data-element_type=\"widget\" data-widget_type=\"icon.default\">\n\t\t\t\t<div class=\"elementor-widget-container\">\n\t\t\t\t\t\t\t<div class=\"elementor-icon-wrapper\">\n\t\t\t<div class=\"elementor-icon\">\n\t\t\t<svg aria-hidden=\"true\" class=\"e-font-icon-svg e-fas-suitcase\" viewbox=\"0 0 512 512\" xmlns=\"http:\/\/www.w3.org\/2000\/svg\"><path d=\"M128 480h256V80c0-26.5-21.5-48-48-48H176c-26.5 0-48 21.5-48 48v400zm64-384h128v32H192V96zm320 80v256c0 26.5-21.5 48-48 48h-48V128h48c26.5 0 48 21.5 48 48zM96 480H48c-26.5 0-48-21.5-48-48V176c0-26.5 21.5-48 48-48h48v352z\"><\/path><\/svg>\t\t\t<\/div>\n\t\t<\/div>\n\t\t\t\t\t\t<\/div>\n\t\t\t\t<\/div>\n\t\t\t\t<div class=\"elementor-element elementor-element-4d70ecb7 elementor-widget elementor-widget-heading\" data-id=\"4d70ecb7\" data-element_type=\"widget\" data-widget_type=\"heading.default\">\n\t\t\t\t<div class=\"elementor-widget-container\">\n\t\t\t\t\t<h6 class=\"elementor-heading-title elementor-size-default\">Services Complets<\/h6>\t\t\t\t<\/div>\n\t\t\t\t<\/div>\n\t\t\t\t\t<\/div>\n\t\t<\/div>\n\t\t\t\t\t<\/div>\n\t\t<\/section>\n\t\t\t\t\t<\/div>\n\t\t<\/div>\n\t\t\t\t<div class=\"elementor-column elementor-col-33 elementor-top-column elementor-element elementor-element-46dfbaa0 elementor-hidden-tablet elementor-hidden-phone\" data-id=\"46dfbaa0\" data-element_type=\"column\">\n\t\t\t<div class=\"elementor-widget-wrap\">\n\t\t\t\t\t\t\t<\/div>\n\t\t<\/div>\n\t\t\t\t<div class=\"elementor-column elementor-col-33 elementor-top-column elementor-element elementor-element-7f0e0513\" data-id=\"7f0e0513\" data-element_type=\"column\">\n\t\t\t<div class=\"elementor-widget-wrap elementor-element-populated\">\n\t\t\t\t\t\t<div class=\"elementor-element elementor-element-7e48e4e5 elementor-widget elementor-widget-image\" data-id=\"7e48e4e5\" data-element_type=\"widget\" data-widget_type=\"image.default\">\n\t\t\t\t<div class=\"elementor-widget-container\">\n\t\t\t\t\t\t\t\t\t\t\t\t\t\t\t<img fetchpriority=\"high\" decoding=\"async\" width=\"2048\" height=\"1365\" src=\"https:\/\/sarganadisticaret.com.tr\/wp-content\/uploads\/2025\/02\/Untitled-design-1-1.jpg\" class=\"attachment-full size-full wp-image-2055\" alt=\"\" srcset=\"https:\/\/sarganadisticaret.com.tr\/wp-content\/uploads\/2025\/02\/Untitled-design-1-1.jpg 2048w, https:\/\/sarganadisticaret.com.tr\/wp-content\/uploads\/2025\/02\/Untitled-design-1-1-300x200.jpg 300w, https:\/\/sarganadisticaret.com.tr\/wp-content\/uploads\/2025\/02\/Untitled-design-1-1-1024x683.jpg 1024w, https:\/\/sarganadisticaret.com.tr\/wp-content\/uploads\/2025\/02\/Untitled-design-1-1-768x512.jpg 768w, https:\/\/sarganadisticaret.com.tr\/wp-content\/uploads\/2025\/02\/Untitled-design-1-1-1536x1024.jpg 1536w\" sizes=\"(max-width: 2048px) 100vw, 2048px\" \/>\t\t\t\t\t\t\t\t\t\t\t\t\t\t\t<\/div>\n\t\t\t\t<\/div>\n\t\t\t\t\t<\/div>\n\t\t<\/div>\n\t\t\t\t\t<\/div>\n\t\t<\/section>\n\t\t<div class=\"elementor-element elementor-element-8310d14 bg-alt e-flex e-con-boxed e-con e-parent\" data-id=\"8310d14\" data-element_type=\"container\">\n\t\t\t\t\t<div class=\"e-con-inner\">\n\t\t<div class=\"elementor-element elementor-element-2680fbd e-con-full e-flex e-con e-child\" data-id=\"2680fbd\" data-element_type=\"container\">\n\t\t\t\t<div class=\"elementor-element elementor-element-3eae493 elementor-widget elementor-widget-iheading\" data-id=\"3eae493\" data-element_type=\"widget\" data-widget_type=\"iheading.default\">\n\t\t\t\t<div class=\"elementor-widget-container\">\n\t\t\t\t\t\t\t<div class=\"section-head\">\r\n\t        \t            <h6 class=\"text-primary\">NOS SERVICES<\/h6>\r\n\t        \t        <h2 class=\"section-title\">Ce Que Nous Faisons <span class=\"text-primary\"><\/span><\/h2>\r\n\t        \t    <\/div>\r\n\t    \t\t\t\t<\/div>\n\t\t\t\t<\/div>\n\t\t<div class=\"elementor-element elementor-element-c9184da e-con-full e-flex e-con e-child\" data-id=\"c9184da\" data-element_type=\"container\">\n\t\t<div class=\"elementor-element elementor-element-24cd6ba e-con-full e-flex e-con e-child\" data-id=\"24cd6ba\" data-element_type=\"container\">\n\t\t\t\t<div class=\"elementor-element elementor-element-0604a3d elementor-widget elementor-widget-iservices_grid\" data-id=\"0604a3d\" data-element_type=\"widget\" data-widget_type=\"iservices_grid.default\">\n\t\t\t\t<div class=\"elementor-widget-container\">\n\t\t\t\t\t\t\t<div class=\"grid-services row\">\r\n\t\t\t\r\n\t\t\t<div class=\"service-item col-md-4 col-sm-6\">\r\n\t\t\t\t<div class=\"relative\">\r\n\t                <a class=\"overlay\" href=\"https:\/\/sarganadisticaret.com.tr\/fr\/service\/import-export-solutions\/\"><\/a>\r\n\t                <div class=\"service-info\">\r\n\t                    <h4 class=\"service-name\">\r\n\t                    \t<a href=\"https:\/\/sarganadisticaret.com.tr\/fr\/service\/import-export-solutions\/\">Solutions d\u2019Importation et d\u2019Exportation<\/a>\r\n\t                    <\/h4>\r\n\t                    <a class=\"btn-details\" href=\"https:\/\/sarganadisticaret.com.tr\/fr\/service\/import-export-solutions\/\">Voir les D\u00e9tails <i class=\"icon ion-md-add-circle-outline\"><\/i><\/a>                    <\/div>\r\n\t            \t<img decoding=\"async\" src=\"https:\/\/sarganadisticaret.com.tr\/wp-content\/uploads\/2019\/08\/Untitled-design-3.png\" alt=\"Import &#038; Export Solutions\" \/>\r\n\t            <\/div>\r\n            <\/div>\r\n\r\n\t\t\t\r\n\t\t\t<div class=\"service-item col-md-4 col-sm-6\">\r\n\t\t\t\t<div class=\"relative\">\r\n\t                <a class=\"overlay\" href=\"https:\/\/sarganadisticaret.com.tr\/fr\/service\/logistics-warehousing\/\"><\/a>\r\n\t                <div class=\"service-info\">\r\n\t                    <h4 class=\"service-name\">\r\n\t                    \t<a href=\"https:\/\/sarganadisticaret.com.tr\/fr\/service\/logistics-warehousing\/\">Logistique et Entreposage<\/a>\r\n\t                    <\/h4>\r\n\t                    <a class=\"btn-details\" href=\"https:\/\/sarganadisticaret.com.tr\/fr\/service\/logistics-warehousing\/\">Voir les D\u00e9tails <i class=\"icon ion-md-add-circle-outline\"><\/i><\/a>                    <\/div>\r\n\t            \t<img decoding=\"async\" src=\"https:\/\/sarganadisticaret.com.tr\/wp-content\/uploads\/2019\/08\/Untitled-design-2.png\" alt=\"Logistics &#038; Warehousing\" \/>\r\n\t            <\/div>\r\n            <\/div>\r\n\r\n\t\t\t\r\n\t\t\t<div class=\"service-item col-md-4 col-sm-6\">\r\n\t\t\t\t<div class=\"relative\">\r\n\t                <a class=\"overlay\" href=\"https:\/\/sarganadisticaret.com.tr\/fr\/service\/trade-consulting-business-solutions\/\"><\/a>\r\n\t                <div class=\"service-info\">\r\n\t                    <h4 class=\"service-name\">\r\n\t                    \t<a href=\"https:\/\/sarganadisticaret.com.tr\/fr\/service\/trade-consulting-business-solutions\/\">Conseil en Commerce et Solutions d\u2019Entreprise<\/a>\r\n\t                    <\/h4>\r\n\t                    <a class=\"btn-details\" href=\"https:\/\/sarganadisticaret.com.tr\/fr\/service\/trade-consulting-business-solutions\/\">Voir les D\u00e9tails <i class=\"icon ion-md-add-circle-outline\"><\/i><\/a>                    <\/div>\r\n\t            \t<img decoding=\"async\" src=\"https:\/\/sarganadisticaret.com.tr\/wp-content\/uploads\/2019\/08\/Untitled-design-4.png\" alt=\"Trade Consulting &#038; Business Solutions\" \/>\r\n\t            <\/div>\r\n            <\/div>\r\n\r\n\t\t\t\t    <\/div>\r\n\t    \t\t\t\t<\/div>\n\t\t\t\t<\/div>\n\t\t\t\t<\/div>\n\t\t\t\t<\/div>\n\t\t\t\t<\/div>\n\t\t\t\t\t<\/div>\n\t\t\t\t<\/div>\n\t\t<div class=\"elementor-element elementor-element-a368007 bg-alt e-flex e-con-boxed e-con e-parent\" data-id=\"a368007\" data-element_type=\"container\">\n\t\t\t\t\t<div class=\"e-con-inner\">\n\t\t\t\t\t<\/div>\n\t\t\t\t<\/div>\n\t\t\t\t<\/div>","protected":false},"excerpt":{"rendered":"<p>Sargana D\u0131\u015f Ticaret Ltd. \u015eti. Our Services Sargana D\u0131\u015f Ticaret Ltd. \u015eti. provides end-to-end trade solutions, making international business seamless and efficient. With a strong global network and strategic location in Istanbul, we ensure smooth import, export, and logistics operations. Highlights Support 24\/7 Maintenance Full services OUR SERVICES What we do Import &#038; Export Solutions [&hellip;]<\/p>","protected":false},"author":1,"featured_media":1977,"parent":0,"menu_order":1,"comment_status":"closed","ping_status":"closed","template":"","meta":{"footnotes":""},"class_list":["post-615","page","type-page","status-publish","has-post-thumbnail","hentry"],"_links":{"self":[{"href":"https:\/\/sarganadisticaret.com.tr\/fr\/wp-json\/wp\/v2\/pages\/615","targetHints":{"allow":["GET"]}}],"collection":[{"href":"https:\/\/sarganadisticaret.com.tr\/fr\/wp-json\/wp\/v2\/pages"}],"about":[{"href":"https:\/\/sarganadisticaret.com.tr\/fr\/wp-json\/wp\/v2\/types\/page"}],"author":[{"embeddable":true,"href":"https:\/\/sarganadisticaret.com.tr\/fr\/wp-json\/wp\/v2\/users\/1"}],"replies":[{"embeddable":true,"href":"https:\/\/sarganadisticaret.com.tr\/fr\/wp-json\/wp\/v2\/comments?post=615"}],"version-history":[{"count":36,"href":"https:\/\/sarganadisticaret.com.tr\/fr\/wp-json\/wp\/v2\/pages\/615\/revisions"}],"predecessor-version":[{"id":2389,"href":"https:\/\/sarganadisticaret.com.tr\/fr\/wp-json\/wp\/v2\/pages\/615\/revisions\/2389"}],"wp:featuredmedia":[{"embeddable":true,"href":"https:\/\/sarganadisticaret.com.tr\/fr\/wp-json\/wp\/v2\/media\/1977"}],"wp:attachment":[{"href":"https:\/\/sarganadisticaret.com.tr\/fr\/wp-json\/wp\/v2\/media?parent=615"}],"curies":[{"name":"wp","href":"https:\/\/api.w.org\/{rel}","templated":true}]}}