{"id":442,"date":"2019-08-08T03:02:22","date_gmt":"2019-08-08T03:02:22","guid":{"rendered":"http:\/\/localhost\/industris\/?page_id=442"},"modified":"2025-03-07T12:40:21","modified_gmt":"2025-03-07T12:40:21","slug":"about-us","status":"publish","type":"page","link":"https:\/\/sarganadisticaret.com.tr\/tr\/about-us\/","title":{"rendered":"Hakk\u0131m\u0131zda"},"content":{"rendered":"<div data-elementor-type=\"wp-post\" data-elementor-id=\"442\" class=\"elementor elementor-442\">\n\t\t\t\t\t\t<section class=\"elementor-section elementor-top-section elementor-element elementor-element-4eb1d62 elementor-section-boxed elementor-section-height-default elementor-section-height-default\" data-id=\"4eb1d62\" data-element_type=\"section\">\n\t\t\t\t\t\t<div class=\"elementor-container elementor-column-gap-extended\">\n\t\t\t\t\t<div class=\"elementor-column elementor-col-33 elementor-top-column elementor-element elementor-element-c7cf5c7\" data-id=\"c7cf5c7\" data-element_type=\"column\">\n\t\t\t<div class=\"elementor-widget-wrap elementor-element-populated\">\n\t\t\t\t\t\t<div class=\"elementor-element elementor-element-fecb90e elementor-widget elementor-widget-iheading\" data-id=\"fecb90e\" data-element_type=\"widget\" data-widget_type=\"iheading.default\">\n\t\t\t\t<div class=\"elementor-widget-container\">\n\t\t\t\t\t\t\t<div class=\"section-head\">\r\n\t        \t            <h6 class=\"text-primary\">H\u0130KAYEM\u0130Z<\/h6>\r\n\t        \t        <h2 class=\"section-title\">Sargana D\u0131\u015f Ticaret Limited \u015eirketi olarak, <span class=\"text-primary\"><\/span><\/h2>\r\n\t        \t    <\/div>\r\n\t    \t\t\t\t<\/div>\n\t\t\t\t<\/div>\n\t\t\t\t<div class=\"elementor-element elementor-element-4ea1332 elementor-widget elementor-widget-text-editor\" data-id=\"4ea1332\" data-element_type=\"widget\" data-widget_type=\"text-editor.default\">\n\t\t\t\t<div class=\"elementor-widget-container\">\n\t\t\t\t\t\t\t\t\t<p>2023 y\u0131l\u0131nda \u0130stanbul'da kurulan Sargana, ithalat ve ihracat alan\u0131ndaki uzmanl\u0131\u011f\u0131yla k\u0131sa s\u00fcrede g\u00fcvenilir ve g\u00fc\u00e7l\u00fc bir ticaret \u00e7\u00f6z\u00fcm orta\u011f\u0131 haline gelmi\u015ftir. K\u00fcresel a\u011f\u0131m\u0131z ve geni\u015f hizmet kapasitemiz sayesinde, ABD, Kanada, Avrupa, Orta Do\u011fu, Uzak Do\u011fu ve Orta Asya ba\u015fta olmak \u00fczere, d\u00fcnyan\u0131n d\u00f6rt bir yan\u0131ndaki i\u015f ortaklar\u0131m\u0131za de\u011fer katmaktan gurur duyuyoruz.<\/p><p>Sargana olarak misyonumuz, i\u015fletmeleri d\u00fcnya \u00e7ap\u0131nda g\u00fcvenilir tedarik\u00e7iler ve m\u00fc\u015fterilerle bulu\u015fturarak uluslararas\u0131 ticareti kesintisiz hale getirmektir. G\u00fcven, verimlilik ve kar\u015f\u0131l\u0131kl\u0131 b\u00fcy\u00fcme temelinde uzun vadeli ortakl\u0131klar\u0131 te\u015fvik ediyor ve her a\u015famada \u00fcst\u00fcn ticaret hizmetleri sunmaya kararl\u0131y\u0131z.<\/p><p>Ticaret sekt\u00f6r\u00fcndeki k\u00f6kl\u00fc deneyimimizle, Sargana ekibimiz k\u00fcresel pazarlar hakk\u0131nda derinlemesine bilgiye sahip olup, \u00e7e\u015fitli \u00fcr\u00fcn kategorilerini kapsaml\u0131 \u015fekilde anlama yetene\u011fine sahiptir. Makine, yedek par\u00e7a, kimyasallar, plastikler, pompalar, boyalar, yaz\u0131c\u0131lar, tekstil, kereste gibi geni\u015f bir \u00fcr\u00fcn ve emtia yelpazesinde ticaret yapmaktay\u0131z; bu listeyle s\u0131n\u0131rl\u0131 olmamak kayd\u0131yla, her sekt\u00f6re y\u00f6nelik ticaret \u00e7\u00f6z\u00fcmleri sunuyoruz.<\/p>\t\t\t\t\t\t\t\t<\/div>\n\t\t\t\t<\/div>\n\t\t\t\t\t<\/div>\n\t\t<\/div>\n\t\t\t\t<div class=\"elementor-column elementor-col-33 elementor-top-column elementor-element elementor-element-ad448db elementor-hidden-tablet elementor-hidden-phone\" data-id=\"ad448db\" data-element_type=\"column\">\n\t\t\t<div class=\"elementor-widget-wrap\">\n\t\t\t\t\t\t\t<\/div>\n\t\t<\/div>\n\t\t\t\t<div class=\"elementor-column elementor-col-33 elementor-top-column elementor-element elementor-element-2223052\" data-id=\"2223052\" data-element_type=\"column\">\n\t\t\t<div class=\"elementor-widget-wrap elementor-element-populated\">\n\t\t\t\t\t\t<div class=\"elementor-element elementor-element-c044a71 elementor-widget elementor-widget-image\" data-id=\"c044a71\" data-element_type=\"widget\" data-widget_type=\"image.default\">\n\t\t\t\t<div class=\"elementor-widget-container\">\n\t\t\t\t\t\t\t\t\t\t\t\t\t\t\t<img fetchpriority=\"high\" decoding=\"async\" width=\"750\" height=\"840\" src=\"https:\/\/sarganadisticaret.com.tr\/wp-content\/uploads\/2019\/08\/about1-1.jpg\" class=\"attachment-full size-full wp-image-466\" alt=\"\" srcset=\"https:\/\/sarganadisticaret.com.tr\/wp-content\/uploads\/2019\/08\/about1-1.jpg 750w, https:\/\/sarganadisticaret.com.tr\/wp-content\/uploads\/2019\/08\/about1-1-268x300.jpg 268w\" sizes=\"(max-width: 750px) 100vw, 750px\" \/>\t\t\t\t\t\t\t\t\t\t\t\t\t\t\t<\/div>\n\t\t\t\t<\/div>\n\t\t\t\t\t<\/div>\n\t\t<\/div>\n\t\t\t\t\t<\/div>\n\t\t<\/section>\n\t\t<div class=\"elementor-element elementor-element-318b8bd e-flex e-con-boxed e-con e-parent\" data-id=\"318b8bd\" data-element_type=\"container\">\n\t\t\t\t\t<div class=\"e-con-inner\">\n\t\t\t\t<div class=\"elementor-element elementor-element-b63b14c elementor-widget elementor-widget-industris-image-carousel\" data-id=\"b63b14c\" data-element_type=\"widget\" data-widget_type=\"industris-image-carousel.default\">\n\t\t\t\t<div class=\"elementor-widget-container\">\n\t\t\t\t\t\r\n\t\t<div class=\"image-carousel iarrow\" data-show=\"1\" data-arrow=\"true\" data-dots=\"false\" data-auto=\"true\">\r\n\t        <div><div class=\"img-item\"><figure><img decoding=\"async\" width=\"2560\" height=\"1707\" src=\"https:\/\/sarganadisticaret.com.tr\/wp-content\/uploads\/2025\/03\/haghia-sophia-istanbul-turkey-2023-11-27-05-25-10-utc-scaled.jpg\" class=\"attachment-full size-full\" alt=\"\" srcset=\"https:\/\/sarganadisticaret.com.tr\/wp-content\/uploads\/2025\/03\/haghia-sophia-istanbul-turkey-2023-11-27-05-25-10-utc-scaled.jpg 2560w, https:\/\/sarganadisticaret.com.tr\/wp-content\/uploads\/2025\/03\/haghia-sophia-istanbul-turkey-2023-11-27-05-25-10-utc-300x200.jpg 300w, https:\/\/sarganadisticaret.com.tr\/wp-content\/uploads\/2025\/03\/haghia-sophia-istanbul-turkey-2023-11-27-05-25-10-utc-1024x683.jpg 1024w, https:\/\/sarganadisticaret.com.tr\/wp-content\/uploads\/2025\/03\/haghia-sophia-istanbul-turkey-2023-11-27-05-25-10-utc-768x512.jpg 768w, https:\/\/sarganadisticaret.com.tr\/wp-content\/uploads\/2025\/03\/haghia-sophia-istanbul-turkey-2023-11-27-05-25-10-utc-1536x1024.jpg 1536w, https:\/\/sarganadisticaret.com.tr\/wp-content\/uploads\/2025\/03\/haghia-sophia-istanbul-turkey-2023-11-27-05-25-10-utc-2048x1365.jpg 2048w\" sizes=\"(max-width: 2560px) 100vw, 2560px\" \/><\/figure><\/div><\/div><div><div class=\"img-item\"><figure><img decoding=\"async\" width=\"2560\" height=\"1707\" src=\"https:\/\/sarganadisticaret.com.tr\/wp-content\/uploads\/2025\/03\/galata-tower-and-bosphorus-strait-in-istanbul-kar-2025-01-27-17-09-05-utc-scaled.jpg\" class=\"attachment-full size-full\" alt=\"\" srcset=\"https:\/\/sarganadisticaret.com.tr\/wp-content\/uploads\/2025\/03\/galata-tower-and-bosphorus-strait-in-istanbul-kar-2025-01-27-17-09-05-utc-scaled.jpg 2560w, https:\/\/sarganadisticaret.com.tr\/wp-content\/uploads\/2025\/03\/galata-tower-and-bosphorus-strait-in-istanbul-kar-2025-01-27-17-09-05-utc-300x200.jpg 300w, https:\/\/sarganadisticaret.com.tr\/wp-content\/uploads\/2025\/03\/galata-tower-and-bosphorus-strait-in-istanbul-kar-2025-01-27-17-09-05-utc-1024x683.jpg 1024w, https:\/\/sarganadisticaret.com.tr\/wp-content\/uploads\/2025\/03\/galata-tower-and-bosphorus-strait-in-istanbul-kar-2025-01-27-17-09-05-utc-768x512.jpg 768w, https:\/\/sarganadisticaret.com.tr\/wp-content\/uploads\/2025\/03\/galata-tower-and-bosphorus-strait-in-istanbul-kar-2025-01-27-17-09-05-utc-1536x1024.jpg 1536w, https:\/\/sarganadisticaret.com.tr\/wp-content\/uploads\/2025\/03\/galata-tower-and-bosphorus-strait-in-istanbul-kar-2025-01-27-17-09-05-utc-2048x1365.jpg 2048w\" sizes=\"(max-width: 2560px) 100vw, 2560px\" \/><\/figure><\/div><\/div><div><div class=\"img-item\"><figure><img loading=\"lazy\" decoding=\"async\" width=\"2560\" height=\"1738\" src=\"https:\/\/sarganadisticaret.com.tr\/wp-content\/uploads\/2025\/03\/exterior-of-ortakoy-mosque-and-bhosphorus-bridge-a-2024-06-12-01-16-04-utc-scaled.jpg\" class=\"attachment-full size-full\" alt=\"\" srcset=\"https:\/\/sarganadisticaret.com.tr\/wp-content\/uploads\/2025\/03\/exterior-of-ortakoy-mosque-and-bhosphorus-bridge-a-2024-06-12-01-16-04-utc-scaled.jpg 2560w, https:\/\/sarganadisticaret.com.tr\/wp-content\/uploads\/2025\/03\/exterior-of-ortakoy-mosque-and-bhosphorus-bridge-a-2024-06-12-01-16-04-utc-300x204.jpg 300w, https:\/\/sarganadisticaret.com.tr\/wp-content\/uploads\/2025\/03\/exterior-of-ortakoy-mosque-and-bhosphorus-bridge-a-2024-06-12-01-16-04-utc-1024x695.jpg 1024w, https:\/\/sarganadisticaret.com.tr\/wp-content\/uploads\/2025\/03\/exterior-of-ortakoy-mosque-and-bhosphorus-bridge-a-2024-06-12-01-16-04-utc-768x521.jpg 768w, https:\/\/sarganadisticaret.com.tr\/wp-content\/uploads\/2025\/03\/exterior-of-ortakoy-mosque-and-bhosphorus-bridge-a-2024-06-12-01-16-04-utc-1536x1043.jpg 1536w, https:\/\/sarganadisticaret.com.tr\/wp-content\/uploads\/2025\/03\/exterior-of-ortakoy-mosque-and-bhosphorus-bridge-a-2024-06-12-01-16-04-utc-2048x1390.jpg 2048w\" sizes=\"(max-width: 2560px) 100vw, 2560px\" \/><\/figure><\/div><\/div>\t    <\/div>\r\n\t\t\t\t\t\t<\/div>\n\t\t\t\t<\/div>\n\t\t\t\t\t<\/div>\n\t\t\t\t<\/div>\n\t\t\t\t<section class=\"elementor-section elementor-top-section elementor-element elementor-element-89442a8 elementor-section-content-middle elementor-section-boxed elementor-section-height-default elementor-section-height-default\" data-id=\"89442a8\" data-element_type=\"section\" data-settings=\"{&quot;background_background&quot;:&quot;classic&quot;}\">\n\t\t\t\t\t\t<div class=\"elementor-container elementor-column-gap-extended\">\n\t\t\t\t\t<div class=\"elementor-column elementor-col-50 elementor-top-column elementor-element elementor-element-125e119\" data-id=\"125e119\" data-element_type=\"column\">\n\t\t\t<div class=\"elementor-widget-wrap elementor-element-populated\">\n\t\t\t\t\t\t<div class=\"elementor-element elementor-element-9f455a1 elementor-widget elementor-widget-heading\" data-id=\"9f455a1\" data-element_type=\"widget\" data-widget_type=\"heading.default\">\n\t\t\t\t<div class=\"elementor-widget-container\">\n\t\t\t\t\t<h4 class=\"elementor-heading-title elementor-size-default\">De\u011ferlerimiz<\/h4>\t\t\t\t<\/div>\n\t\t\t\t<\/div>\n\t\t\t\t<div class=\"elementor-element elementor-element-059b55a elementor-widget elementor-widget-text-editor\" data-id=\"059b55a\" data-element_type=\"widget\" data-widget_type=\"text-editor.default\">\n\t\t\t\t<div class=\"elementor-widget-container\">\n\t\t\t\t\t\t\t\t\t<p data-start=\"129\" data-end=\"183\"><strong data-start=\"132\" data-end=\"165\">Sargana D\u0131\u015f Ticaret Limited \u015eirketi olarak,<\/strong>&nbsp;inan\u0131yor:<\/p>\n<ul data-start=\"184\" data-end=\"635\">\n<li data-start=\"184\" data-end=\"276\"><strong data-start=\"186\" data-end=\"207\">G\u00fcven ve D\u00fcr\u00fcstl\u00fck<\/strong> \u2013 \u0130\u015f ortaklar\u0131m\u0131zla g\u00fcvene dayal\u0131, g\u00fc\u00e7l\u00fc ve \u015feffaf ili\u015fkiler kurmak.<\/li>\n<li data-start=\"277\" data-end=\"365\"><strong data-start=\"279\" data-end=\"300\">K\u00fcresel M\u00fckemmellik<\/strong> \u2013 K\u00fcresel eri\u015fime sahip, y\u00fcksek kaliteli ticaret \u00e7\u00f6z\u00fcmleri sunmak.<\/li>\n<li data-start=\"366\" data-end=\"458\"><strong data-start=\"368\" data-end=\"397\">M\u00fc\u015fteri Odakl\u0131 Yakla\u015f\u0131m<\/strong> \u2013 Hizmetlerimizi, m\u00fc\u015fteri ihtiya\u00e7lar\u0131n\u0131 en verimli \u015fekilde kar\u015f\u0131layacak \u015fekilde \u00f6zelle\u015ftirmek.<\/li>\n<li data-start=\"459\" data-end=\"542\"><strong data-start=\"461\" data-end=\"484\">Yenilik ve B\u00fcy\u00fcme<\/strong> \u2013 K\u00fcresel ticaretin \u00f6nc\u00fcs\u00fc olabilmek i\u00e7in s\u00fcrekli geli\u015fim ve yenilik\u00e7i yakla\u015f\u0131mlar benimsemek.<\/li>\n<li data-start=\"543\" data-end=\"635\"><strong data-start=\"545\" data-end=\"573\">G\u00fcvenilirlik ve Uyum<\/strong> \u2013 T\u00fcm operasyonlar\u0131m\u0131z\u0131n, yasal ve etik standartlara tam uyumlu olmas\u0131n\u0131 sa\u011flamak.<\/li>\n<\/ul>\t\t\t\t\t\t\t\t<\/div>\n\t\t\t\t<\/div>\n\t\t\t\t\t<\/div>\n\t\t<\/div>\n\t\t\t\t<div class=\"elementor-column elementor-col-50 elementor-top-column elementor-element elementor-element-db48a3d\" data-id=\"db48a3d\" data-element_type=\"column\">\n\t\t\t<div class=\"elementor-widget-wrap elementor-element-populated\">\n\t\t\t\t\t\t<div class=\"elementor-element elementor-element-72a2ae4 elementor-widget elementor-widget-heading\" data-id=\"72a2ae4\" data-element_type=\"widget\" data-widget_type=\"heading.default\">\n\t\t\t\t<div class=\"elementor-widget-container\">\n\t\t\t\t\t<h4 class=\"elementor-heading-title elementor-size-default\">Neden Farkl\u0131y\u0131z<\/h4>\t\t\t\t<\/div>\n\t\t\t\t<\/div>\n\t\t\t\t<div class=\"elementor-element elementor-element-3b139c9 elementor-widget elementor-widget-text-editor\" data-id=\"3b139c9\" data-element_type=\"widget\" data-widget_type=\"text-editor.default\">\n\t\t\t\t<div class=\"elementor-widget-container\">\n\t\t\t\t\t\t\t\t\t<p>Sadece <strong data-start=\"681\" data-end=\"714\">ticaret hizmetlerinden daha fazlas\u0131n\u0131 sunuyoruz;<\/strong>\u2013 K\u00fcresel ticareti zahmetsiz hale getirmek i\u00e7in sorunsuz ve \u00f6zelle\u015ftirilmi\u015f \u00e7\u00f6z\u00fcmler sa\u011fl\u0131yoruz.<\/p>\t\t\t\t\t\t\t\t<\/div>\n\t\t\t\t<\/div>\n\t\t\t\t<div class=\"elementor-element elementor-element-e917f07 elementor-icon-list--layout-traditional elementor-list-item-link-full_width elementor-widget elementor-widget-icon-list\" data-id=\"e917f07\" data-element_type=\"widget\" data-widget_type=\"icon-list.default\">\n\t\t\t\t<div class=\"elementor-widget-container\">\n\t\t\t\t\t\t\t<ul class=\"elementor-icon-list-items\">\n\t\t\t\t\t\t\t<li class=\"elementor-icon-list-item\">\n\t\t\t\t\t\t\t\t\t\t\t<a href=\"#\" target=\"_blank\">\n\n\t\t\t\t\t\t\t\t\t\t\t\t<span class=\"elementor-icon-list-icon\">\n\t\t\t\t\t\t\t<svg aria-hidden=\"true\" class=\"e-font-icon-svg e-fas-check-circle\" viewbox=\"0 0 512 512\" xmlns=\"http:\/\/www.w3.org\/2000\/svg\"><path d=\"M504 256c0 136.967-111.033 248-248 248S8 392.967 8 256 119.033 8 256 8s248 111.033 248 248zM227.314 387.314l184-184c6.248-6.248 6.248-16.379 0-22.627l-22.627-22.627c-6.248-6.249-16.379-6.249-22.628 0L216 308.118l-70.059-70.059c-6.248-6.248-16.379-6.248-22.628 0l-22.627 22.627c-6.248 6.248-6.248 16.379 0 22.627l104 104c6.249 6.249 16.379 6.249 22.628.001z\"><\/path><\/svg>\t\t\t\t\t\t<\/span>\n\t\t\t\t\t\t\t\t\t\t<span class=\"elementor-icon-list-text\">H\u0131zl\u0131 ve G\u00fcvenli Ticaret \u0130\u015flemleri<\/span>\n\t\t\t\t\t\t\t\t\t\t\t<\/a>\n\t\t\t\t\t\t\t\t\t<\/li>\n\t\t\t\t\t\t\t\t<li class=\"elementor-icon-list-item\">\n\t\t\t\t\t\t\t\t\t\t\t<a href=\"#\" target=\"_blank\">\n\n\t\t\t\t\t\t\t\t\t\t\t\t<span class=\"elementor-icon-list-icon\">\n\t\t\t\t\t\t\t<svg aria-hidden=\"true\" class=\"e-font-icon-svg e-fas-check-circle\" viewbox=\"0 0 512 512\" xmlns=\"http:\/\/www.w3.org\/2000\/svg\"><path d=\"M504 256c0 136.967-111.033 248-248 248S8 392.967 8 256 119.033 8 256 8s248 111.033 248 248zM227.314 387.314l184-184c6.248-6.248 6.248-16.379 0-22.627l-22.627-22.627c-6.248-6.249-16.379-6.249-22.628 0L216 308.118l-70.059-70.059c-6.248-6.248-16.379-6.248-22.628 0l-22.627 22.627c-6.248 6.248-6.248 16.379 0 22.627l104 104c6.249 6.249 16.379 6.249 22.628.001z\"><\/path><\/svg>\t\t\t\t\t\t<\/span>\n\t\t\t\t\t\t\t\t\t\t<span class=\"elementor-icon-list-text\">Geni\u015f K\u00fcresel A\u011f<\/span>\n\t\t\t\t\t\t\t\t\t\t\t<\/a>\n\t\t\t\t\t\t\t\t\t<\/li>\n\t\t\t\t\t\t\t\t<li class=\"elementor-icon-list-item\">\n\t\t\t\t\t\t\t\t\t\t\t<a href=\"#\" target=\"_blank\">\n\n\t\t\t\t\t\t\t\t\t\t\t\t<span class=\"elementor-icon-list-icon\">\n\t\t\t\t\t\t\t<svg aria-hidden=\"true\" class=\"e-font-icon-svg e-fas-check-circle\" viewbox=\"0 0 512 512\" xmlns=\"http:\/\/www.w3.org\/2000\/svg\"><path d=\"M504 256c0 136.967-111.033 248-248 248S8 392.967 8 256 119.033 8 256 8s248 111.033 248 248zM227.314 387.314l184-184c6.248-6.248 6.248-16.379 0-22.627l-22.627-22.627c-6.248-6.249-16.379-6.249-22.628 0L216 308.118l-70.059-70.059c-6.248-6.248-16.379-6.248-22.628 0l-22.627 22.627c-6.248 6.248-6.248 16.379 0 22.627l104 104c6.249 6.249 16.379 6.249 22.628.001z\"><\/path><\/svg>\t\t\t\t\t\t<\/span>\n\t\t\t\t\t\t\t\t\t\t<span class=\"elementor-icon-list-text\">Esnek ve \u015eeffaf Fiyatland\u0131rma<\/span>\n\t\t\t\t\t\t\t\t\t\t\t<\/a>\n\t\t\t\t\t\t\t\t\t<\/li>\n\t\t\t\t\t\t\t\t<li class=\"elementor-icon-list-item\">\n\t\t\t\t\t\t\t\t\t\t\t<a href=\"#\" target=\"_blank\">\n\n\t\t\t\t\t\t\t\t\t\t\t\t<span class=\"elementor-icon-list-icon\">\n\t\t\t\t\t\t\t<svg aria-hidden=\"true\" class=\"e-font-icon-svg e-fas-check-circle\" viewbox=\"0 0 512 512\" xmlns=\"http:\/\/www.w3.org\/2000\/svg\"><path d=\"M504 256c0 136.967-111.033 248-248 248S8 392.967 8 256 119.033 8 256 8s248 111.033 248 248zM227.314 387.314l184-184c6.248-6.248 6.248-16.379 0-22.627l-22.627-22.627c-6.248-6.249-16.379-6.249-22.628 0L216 308.118l-70.059-70.059c-6.248-6.248-16.379-6.248-22.628 0l-22.627 22.627c-6.248 6.248-6.248 16.379 0 22.627l104 104c6.249 6.249 16.379 6.249 22.628.001z\"><\/path><\/svg>\t\t\t\t\t\t<\/span>\n\t\t\t\t\t\t\t\t\t\t<span class=\"elementor-icon-list-text\">U\u00e7tan Uca Destek<\/span>\n\t\t\t\t\t\t\t\t\t\t\t<\/a>\n\t\t\t\t\t\t\t\t\t<\/li>\n\t\t\t\t\t\t<\/ul>\n\t\t\t\t\t\t<\/div>\n\t\t\t\t<\/div>\n\t\t\t\t\t<\/div>\n\t\t<\/div>\n\t\t\t\t\t<\/div>\n\t\t<\/section>\n\t\t\t\t<section class=\"elementor-section elementor-top-section elementor-element elementor-element-6b935c3d elementor-section-full_width elementor-section-height-default elementor-section-height-default\" data-id=\"6b935c3d\" data-element_type=\"section\" id=\"info_section\" data-settings=\"{&quot;background_background&quot;:&quot;classic&quot;}\">\n\t\t\t\t\t\t<div class=\"elementor-container elementor-column-gap-default\">\n\t\t\t\t\t<div class=\"elementor-column elementor-col-100 elementor-top-column elementor-element elementor-element-611a42a7\" data-id=\"611a42a7\" data-element_type=\"column\">\n\t\t\t<div class=\"elementor-widget-wrap elementor-element-populated\">\n\t\t\t\t\t\t<section class=\"elementor-section elementor-inner-section elementor-element elementor-element-7d036957 elementor-section-content-middle elementor-section-boxed elementor-section-height-default elementor-section-height-default\" data-id=\"7d036957\" data-element_type=\"section\">\n\t\t\t\t\t\t<div class=\"elementor-container elementor-column-gap-default\">\n\t\t\t\t\t<div class=\"elementor-column elementor-col-50 elementor-inner-column elementor-element elementor-element-7ef139c8\" data-id=\"7ef139c8\" data-element_type=\"column\">\n\t\t\t<div class=\"elementor-widget-wrap elementor-element-populated\">\n\t\t\t\t\t\t<div class=\"elementor-element elementor-element-e158f99 animated-slow elementor-widget__width-initial elementor-widget-tablet__width-initial elementor-widget-mobile__width-initial elementor-invisible elementor-widget elementor-widget-counter\" data-id=\"e158f99\" data-element_type=\"widget\" data-settings=\"{&quot;_animation&quot;:&quot;fadeInUp&quot;}\" data-widget_type=\"counter.default\">\n\t\t\t\t<div class=\"elementor-widget-container\">\n\t\t\t\t\t\t\t<div class=\"elementor-counter\">\n\t\t\t<div class=\"elementor-counter-title\">M\u00dc\u015eTER\u0130LER<\/div>\t\t\t<div class=\"elementor-counter-number-wrapper\">\n\t\t\t\t<span class=\"elementor-counter-number-prefix\"><\/span>\n\t\t\t\t<span class=\"elementor-counter-number\" data-duration=\"2000\" data-to-value=\"500\" data-from-value=\"430\" data-delimiter=\",\">430<\/span>\n\t\t\t\t<span class=\"elementor-counter-number-suffix\">+<\/span>\n\t\t\t<\/div>\n\t\t<\/div>\n\t\t\t\t\t\t<\/div>\n\t\t\t\t<\/div>\n\t\t\t\t<div class=\"elementor-element elementor-element-7596c10b animated-slow elementor-widget__width-initial elementor-widget-tablet__width-initial elementor-widget-mobile__width-initial elementor-invisible elementor-widget elementor-widget-counter\" data-id=\"7596c10b\" data-element_type=\"widget\" data-settings=\"{&quot;_animation&quot;:&quot;fadeInUp&quot;}\" data-widget_type=\"counter.default\">\n\t\t\t\t<div class=\"elementor-widget-container\">\n\t\t\t\t\t\t\t<div class=\"elementor-counter\">\n\t\t\t<div class=\"elementor-counter-title\">MEMNUN\u0130YET<\/div>\t\t\t<div class=\"elementor-counter-number-wrapper\">\n\t\t\t\t<span class=\"elementor-counter-number-prefix\"><\/span>\n\t\t\t\t<span class=\"elementor-counter-number\" data-duration=\"2000\" data-to-value=\"100\" data-from-value=\"85\" data-delimiter=\",\">85<\/span>\n\t\t\t\t<span class=\"elementor-counter-number-suffix\">%<\/span>\n\t\t\t<\/div>\n\t\t<\/div>\n\t\t\t\t\t\t<\/div>\n\t\t\t\t<\/div>\n\t\t\t\t\t<\/div>\n\t\t<\/div>\n\t\t\t\t<div class=\"elementor-column elementor-col-50 elementor-inner-column elementor-element elementor-element-cdf462b\" data-id=\"cdf462b\" data-element_type=\"column\">\n\t\t\t<div class=\"elementor-widget-wrap elementor-element-populated\">\n\t\t\t\t\t\t<div class=\"elementor-element elementor-element-71904f7 elementor-widget elementor-widget-heading\" data-id=\"71904f7\" data-element_type=\"widget\" data-widget_type=\"heading.default\">\n\t\t\t\t<div class=\"elementor-widget-container\">\n\t\t\t\t\t<h4 class=\"elementor-heading-title elementor-size-default\">M\u00fc\u015fteri Odakl\u0131 Yakla\u015f\u0131m<\/h4>\t\t\t\t<\/div>\n\t\t\t\t<\/div>\n\t\t\t\t<div class=\"elementor-element elementor-element-c053867 elementor-widget elementor-widget-text-editor\" data-id=\"c053867\" data-element_type=\"widget\" data-widget_type=\"text-editor.default\">\n\t\t\t\t<div class=\"elementor-widget-container\">\n\t\t\t\t\t\t\t\t\t<p>M\u00fc\u015fteri odakl\u0131 yakla\u015f\u0131m\u0131m\u0131zla gurur duyuyoruz ve bu anlay\u0131\u015f sayesinde 500'\u00fcn \u00fczerinde memnun m\u00fc\u015fterimizin g\u00fcvenini kazand\u0131k. Uzman ekibimiz, her m\u00fc\u015fterimizin \u00f6zel ihtiya\u00e7lar\u0131n\u0131, tercihlerini ve b\u00fct\u00e7e k\u0131s\u0131tlamalar\u0131n\u0131 anlayarak onlarla yak\u0131n i\u015fbirli\u011fi i\u00e7inde \u00e7al\u0131\u015f\u0131r. Ki\u015fiselle\u015ftirilmi\u015f hizmetler ve \u00f6zel \u00e7\u00f6z\u00fcmler sunarak, her a\u015famada m\u00fc\u015fterilerimizin beklentilerini a\u015fmay\u0131 hedefliyoruz.<\/p>\t\t\t\t\t\t\t\t<\/div>\n\t\t\t\t<\/div>\n\t\t\t\t<div class=\"elementor-element elementor-element-4c7f163f elementor-hidden-phone elementor-widget elementor-widget-spacer\" data-id=\"4c7f163f\" data-element_type=\"widget\" data-widget_type=\"spacer.default\">\n\t\t\t\t<div class=\"elementor-widget-container\">\n\t\t\t\t\t\t\t<div class=\"elementor-spacer\">\n\t\t\t<div class=\"elementor-spacer-inner\"><\/div>\n\t\t<\/div>\n\t\t\t\t\t\t<\/div>\n\t\t\t\t<\/div>\n\t\t\t\t<div class=\"elementor-element elementor-element-4e0ced57 elementor-widget elementor-widget-spacer\" data-id=\"4e0ced57\" data-element_type=\"widget\" data-widget_type=\"spacer.default\">\n\t\t\t\t<div class=\"elementor-widget-container\">\n\t\t\t\t\t\t\t<div class=\"elementor-spacer\">\n\t\t\t<div class=\"elementor-spacer-inner\"><\/div>\n\t\t<\/div>\n\t\t\t\t\t\t<\/div>\n\t\t\t\t<\/div>\n\t\t\t\t\t<\/div>\n\t\t<\/div>\n\t\t\t\t\t<\/div>\n\t\t<\/section>\n\t\t\t\t\t<\/div>\n\t\t<\/div>\n\t\t\t\t\t<\/div>\n\t\t<\/section>\n\t\t\t\t<\/div>","protected":false},"excerpt":{"rendered":"<p>OUR STORY Sargana D\u0131\u015f Ticaret Ltd. \u015eti. Founded in 2023, Sargana salutes you from the magnificent Istanbul. The company has quickly emerged as a trusted provider of comprehensive trading solutions, specializing in importing and exporting goods and commodities. With a global reach, we proudly serve clients across the USA, Canada, Europe, Middle East, Far East [&hellip;]<\/p>","protected":false},"author":1,"featured_media":0,"parent":0,"menu_order":0,"comment_status":"closed","ping_status":"closed","template":"elementor_header_footer","meta":{"footnotes":""},"class_list":["post-442","page","type-page","status-publish","hentry"],"_links":{"self":[{"href":"https:\/\/sarganadisticaret.com.tr\/tr\/wp-json\/wp\/v2\/pages\/442","targetHints":{"allow":["GET"]}}],"collection":[{"href":"https:\/\/sarganadisticaret.com.tr\/tr\/wp-json\/wp\/v2\/pages"}],"about":[{"href":"https:\/\/sarganadisticaret.com.tr\/tr\/wp-json\/wp\/v2\/types\/page"}],"author":[{"embeddable":true,"href":"https:\/\/sarganadisticaret.com.tr\/tr\/wp-json\/wp\/v2\/users\/1"}],"replies":[{"embeddable":true,"href":"https:\/\/sarganadisticaret.com.tr\/tr\/wp-json\/wp\/v2\/comments?post=442"}],"version-history":[{"count":64,"href":"https:\/\/sarganadisticaret.com.tr\/tr\/wp-json\/wp\/v2\/pages\/442\/revisions"}],"predecessor-version":[{"id":2383,"href":"https:\/\/sarganadisticaret.com.tr\/tr\/wp-json\/wp\/v2\/pages\/442\/revisions\/2383"}],"wp:attachment":[{"href":"https:\/\/sarganadisticaret.com.tr\/tr\/wp-json\/wp\/v2\/media?parent=442"}],"curies":[{"name":"wp","href":"https:\/\/api.w.org\/{rel}","templated":true}]}}