{"id":944,"date":"2019-08-29T07:53:29","date_gmt":"2019-08-29T07:53:29","guid":{"rendered":"http:\/\/localhost\/industris\/?page_id=944"},"modified":"2025-03-07T12:26:05","modified_gmt":"2025-03-07T12:26:05","slug":"home-1","status":"publish","type":"page","link":"https:\/\/sarganadisticaret.com.tr\/tr\/","title":{"rendered":"Home 1"},"content":{"rendered":"<div data-elementor-type=\"wp-post\" data-elementor-id=\"944\" class=\"elementor elementor-944\">\n\t\t\t\t\t\t<section class=\"elementor-section elementor-top-section elementor-element elementor-element-719c3bf elementor-section-full_width elementor-section-height-default elementor-section-height-default\" data-id=\"719c3bf\" data-element_type=\"section\">\n\t\t\t\t\t\t<div class=\"elementor-container elementor-column-gap-default\">\n\t\t\t\t\t<div class=\"elementor-column elementor-col-100 elementor-top-column elementor-element elementor-element-7817e27\" data-id=\"7817e27\" data-element_type=\"column\">\n\t\t\t<div class=\"elementor-widget-wrap elementor-element-populated\">\n\t\t\t\t\t\t<div class=\"elementor-element elementor-element-d3fcb83 industris--h-position-left industris--v-position-middle elementor-widget elementor-widget-imainslider\" data-id=\"d3fcb83\" data-element_type=\"widget\" data-widget_type=\"imainslider.default\">\n\t\t\t\t<div class=\"elementor-widget-container\">\n\t\t\t\t\t<div class=\"industris-slides-wrapper navigation-arrows navigation-tablet-arrows navigation-mobile-arrows\" dir=\"ltr\">\r\n\t\t\t\t<div class=\"arrows-wrapper\"><div class=\"arrows-inner container container-bigger\"><\/div><\/div>\r\n\t\t\t\t<div class=\"industris-slides\" data-slider_options=\"{&quot;slidesToShow&quot;:1,&quot;autoplaySpeed&quot;:0,&quot;autoplay&quot;:false,&quot;infinite&quot;:true,&quot;pauseOnHover&quot;:true,&quot;speed&quot;:100,&quot;arrows&quot;:true,&quot;dots&quot;:false,&quot;rtl&quot;:false,&quot;fade&quot;:true}\" data-animation=\"fadeIn\"><div class=\"elementor-repeater-item-8f7da7a slick-slide\"><div class=\"slick-slide-bg industris-ken-in\" data-animation=\"inherit\"><\/div><div class=\"slick-slide-inner\"><div class=\"industris-slide-content\" data-animation=\"fadeInRight\"><div class=\"industris-slide-subtitle\">Sargana D\u0131\u015f Ticaret Limited \u015eirketi<\/div><div class=\"industris-slide-heading translation-block\">K\u00fcresel Ticaret Orta\u011f\u0131n\u0131z<\/div><\/div><\/div><\/div><\/div>\r\n\t\t\t<\/div>\t\t\t\t<\/div>\n\t\t\t\t<\/div>\n\t\t\t\t\t<\/div>\n\t\t<\/div>\n\t\t\t\t\t<\/div>\n\t\t<\/section>\n\t\t\t\t<section class=\"elementor-section elementor-top-section elementor-element elementor-element-eaa77ee elementor-section-boxed elementor-section-height-default elementor-section-height-default\" data-id=\"eaa77ee\" data-element_type=\"section\">\n\t\t\t\t\t\t<div class=\"elementor-container elementor-column-gap-default\">\n\t\t\t\t\t<div class=\"elementor-column elementor-col-100 elementor-top-column elementor-element elementor-element-0c59e1e\" data-id=\"0c59e1e\" data-element_type=\"column\">\n\t\t\t<div class=\"elementor-widget-wrap elementor-element-populated\">\n\t\t\t\t\t\t<div class=\"elementor-element elementor-element-7955753 elementor-widget elementor-widget-iheading\" data-id=\"7955753\" data-element_type=\"widget\" data-widget_type=\"iheading.default\">\n\t\t\t\t<div class=\"elementor-widget-container\">\n\t\t\t\t\t\t\t<div class=\"section-head\">\r\n\t        \t            <h6 class=\"text-primary\">H\u0130ZMETLER\u0130M\u0130Z<\/h6>\r\n\t        \t        <h2 class=\"section-title\">Ne Yap\u0131yoruz <span class=\"text-primary\"><\/span><\/h2>\r\n\t        \t    <\/div>\r\n\t    \t\t\t\t<\/div>\n\t\t\t\t<\/div>\n\t\t\t\t<div class=\"elementor-element elementor-element-c6c6733 elementor-widget elementor-widget-iiconbox_carousel\" data-id=\"c6c6733\" data-element_type=\"widget\" data-widget_type=\"iiconbox_carousel.default\">\n\t\t\t\t<div class=\"elementor-widget-container\">\n\t\t\t\t\t\t\t<div class=\"icon-box-slider-wraper\">\r\n\t\t\t<div class=\"icon-box-slider iarrow  row\" data-show=\"3\" data-auto=\"\" data-dots=\"\" data-arrow=\"true\">\r\n\t\t\t\t\t\t\t\t<div>\r\n\t\t\t\t\t<div class=\"icon-box\">\r\n\t\t\t\t\t\t<div class=\"icon-top\">\r\n\t\t\t\t\t        <i class=\"fas fa-ship\"><\/i>\t\t\t\t\t        \t\t\t\t        <\/div>\r\n\t\t\t\t        <div class=\"content-box\">\r\n\t\t\t\t            <h4>\u0130thalat ve \u0130hracat \u00c7\u00f6z\u00fcmleri<\/h4>\t\t\t\t            <p>Tedarik\u00e7i tespitinden ba\u015flayarak g\u00fcmr\u00fck i\u015flemleri ve teslimata kadar u\u00e7tan uca eksiksiz ticaret.<\/p>\t\t\t\t            \t\t\t\t        <\/div>\r\n\t\t\t\t    <\/div>\r\n\t\t\t\t<\/div>\r\n\t\t\t\t\t\t\t\t<div>\r\n\t\t\t\t\t<div class=\"icon-box\">\r\n\t\t\t\t\t\t<div class=\"icon-top\">\r\n\t\t\t\t\t        <i class=\"fas fa-warehouse\"><\/i>\t\t\t\t\t        \t\t\t\t        <\/div>\r\n\t\t\t\t        <div class=\"content-box\">\r\n\t\t\t\t            <h4>Lojistik ve Depolama<\/h4>\t\t\t\t            <p>G\u00fcvenilir ta\u015f\u0131mac\u0131l\u0131k, etkin g\u00fcmr\u00fck y\u00f6netimi ve ak\u0131ll\u0131 depolama \u00e7\u00f6z\u00fcmleri ile kesintisiz ve sorunsuz ticaret deneyimi sunuyoruz.<\/p>\t\t\t\t            \t\t\t\t        <\/div>\r\n\t\t\t\t    <\/div>\r\n\t\t\t\t<\/div>\r\n\t\t\t\t\t\t\t\t<div>\r\n\t\t\t\t\t<div class=\"icon-box\">\r\n\t\t\t\t\t\t<div class=\"icon-top\">\r\n\t\t\t\t\t        <i class=\"fas fa-business-time\"><\/i>\t\t\t\t\t        \t\t\t\t        <\/div>\r\n\t\t\t\t        <div class=\"content-box\">\r\n\t\t\t\t            <h4>Ticaret Dan\u0131\u015fmanl\u0131\u011f\u0131 ve \u0130\u015f \u00c7\u00f6z\u00fcmleri<\/h4>\t\t\t\t            <p>Mevzuat uyumu, risk y\u00f6netimi ve stratejik ticaret b\u00fcy\u00fcmesi konular\u0131nda uzman dan\u0131\u015fmanl\u0131k hizmeti sunuyoruz<\/p>\t\t\t\t            \t\t\t\t        <\/div>\r\n\t\t\t\t    <\/div>\r\n\t\t\t\t<\/div>\r\n\t\t\t\t\t\t\t<\/div>\r\n\t\t\t\t\t\t<div class=\"img_rotate\">\r\n\t\t\t\t<div>\r\n\t\t\t\t\t<img decoding=\"async\" src=\"https:\/\/sarganadisticaret.com.tr\/wp-content\/themes\/industris\/images\/img_rotate.png\" alt=\"\">\r\n\t\t\t\t<\/div>\r\n\t\t\t<\/div>\r\n\t\t\t\t\t<\/div>\r\n\t    \t\t\t\t<\/div>\n\t\t\t\t<\/div>\n\t\t\t\t\t<\/div>\n\t\t<\/div>\n\t\t\t\t\t<\/div>\n\t\t<\/section>\n\t\t\t\t<section class=\"elementor-section elementor-top-section elementor-element elementor-element-0eb7335 elementor-section-full_width elementor-section-height-default elementor-section-height-default\" data-id=\"0eb7335\" data-element_type=\"section\">\n\t\t\t\t\t\t<div class=\"elementor-container elementor-column-gap-default\">\n\t\t\t\t\t<div class=\"elementor-column elementor-col-100 elementor-top-column elementor-element elementor-element-de2d93a\" data-id=\"de2d93a\" data-element_type=\"column\">\n\t\t\t<div class=\"elementor-widget-wrap elementor-element-populated\">\n\t\t\t\t\t\t<div class=\"elementor-element elementor-element-e2add66 industris--h-position-left industris--v-position-middle elementor-widget elementor-widget-imainslider\" data-id=\"e2add66\" data-element_type=\"widget\" data-widget_type=\"imainslider.default\">\n\t\t\t\t<div class=\"elementor-widget-container\">\n\t\t\t\t\t<div class=\"industris-slides-wrapper navigation-arrows navigation-tablet-arrows navigation-mobile-arrows\" dir=\"ltr\">\r\n\t\t\t\t<div class=\"arrows-wrapper\"><div class=\"arrows-inner container container-bigger\"><\/div><\/div>\r\n\t\t\t\t<div class=\"industris-slides\" data-slider_options=\"{&quot;slidesToShow&quot;:1,&quot;autoplaySpeed&quot;:0,&quot;autoplay&quot;:false,&quot;infinite&quot;:true,&quot;pauseOnHover&quot;:true,&quot;speed&quot;:100,&quot;arrows&quot;:true,&quot;dots&quot;:false,&quot;rtl&quot;:false,&quot;fade&quot;:true}\" data-animation=\"fadeIn\"><div class=\"elementor-repeater-item-8f7da7a slick-slide\"><div class=\"slick-slide-bg industris-ken-in\" data-animation=\"inherit\"><\/div><div class=\"slick-slide-inner\"><div class=\"industris-slide-content\" data-animation=\"fadeInRight\"><\/div><\/div><\/div><\/div>\r\n\t\t\t<\/div>\t\t\t\t<\/div>\n\t\t\t\t<\/div>\n\t\t\t\t\t<\/div>\n\t\t<\/div>\n\t\t\t\t\t<\/div>\n\t\t<\/section>\n\t\t\t\t<section class=\"elementor-section elementor-top-section elementor-element elementor-element-5f6f015 elementor-section-boxed elementor-section-height-default elementor-section-height-default\" data-id=\"5f6f015\" data-element_type=\"section\" data-settings=\"{&quot;background_background&quot;:&quot;classic&quot;}\">\n\t\t\t\t\t\t<div class=\"elementor-container elementor-column-gap-default\">\n\t\t\t\t\t<div class=\"elementor-column elementor-col-100 elementor-top-column elementor-element elementor-element-635df7a\" data-id=\"635df7a\" data-element_type=\"column\">\n\t\t\t<div class=\"elementor-widget-wrap elementor-element-populated\">\n\t\t\t\t\t\t<div class=\"elementor-element elementor-element-b2ccf71 elementor-widget elementor-widget-heading\" data-id=\"b2ccf71\" data-element_type=\"widget\" data-widget_type=\"heading.default\">\n\t\t\t\t<div class=\"elementor-widget-container\">\n\t\t\t\t\t<h4 class=\"elementor-heading-title elementor-size-default\">S\u00fcrecimiz \u2013 M\u00fckemmeliyeti nas\u0131l sa\u011fl\u0131yoruz<\/h4>\t\t\t\t<\/div>\n\t\t\t\t<\/div>\n\t\t\t\t<div class=\"elementor-element elementor-element-c7873c2 elementor-widget elementor-widget-text-editor\" data-id=\"c7873c2\" data-element_type=\"widget\" data-widget_type=\"text-editor.default\">\n\t\t\t\t<div class=\"elementor-widget-container\">\n\t\t\t\t\t\t\t\t\t<p><strong data-start=\"118\" data-end=\"151\">Sargana D\u0131\u015f Ticaret Limited \u015eirketi olarak,<\/strong>\u00a0t\u00fcm m\u00fc\u015fterilerimiz i\u00e7in sorunsuz ve verimli bir i\u015f ak\u0131\u015f\u0131 sa\u011flar. Yap\u0131land\u0131r\u0131lm\u0131\u015f s\u00fcrecimiz ba\u015ftan sona sorunsuz i\u015flemleri garanti eder<\/p>\t\t\t\t\t\t\t\t<\/div>\n\t\t\t\t<\/div>\n\t\t\t\t<div class=\"elementor-element elementor-element-1106b4c elementor-widget elementor-widget-iprocess\" data-id=\"1106b4c\" data-element_type=\"widget\" data-widget_type=\"iprocess.default\">\n\t\t\t\t<div class=\"elementor-widget-container\">\n\t\t\t\t\t\t    <div class=\"process-bar\">\r\n\t    \t\t    \t\t<div class=\"step-item\">\r\n\t    \t\t\t\t    \t\t\t<i class=\"ion ion-md-briefcase ion-ios-briefcase ion-logo-briefcase ion-ios-briefcase\" aria-hidden=\"true\"><\/i>\t\t\t    \t<div class=\"line\"><\/div>\r\n\t\t\t    \t<h6>Ara\u015ft\u0131rma ve Planlama <\/h6>\r\n\t\t    \t<\/div>\r\n\t    \t\t    \t\t<div class=\"step-item\">\r\n\t    \t\t\t\t    \t\t\t<i class=\"ion ion-md-cog ion-logo-cog\" aria-hidden=\"true\"><\/i>\t\t\t    \t<div class=\"line\"><\/div>\r\n\t\t\t    \t<h6>Teklif A\u015famas\u0131 <\/h6>\r\n\t\t    \t<\/div>\r\n\t    \t\t    \t\t<div class=\"step-item\">\r\n\t    \t\t\t<i class=\"fas fa-box-open\" aria-hidden=\"true\"><\/i>\t    \t\t\t\t\t\t    \t<div class=\"line\"><\/div>\r\n\t\t\t    \t<h6>Sipari\u015f Onaylama<\/h6>\r\n\t\t    \t<\/div>\r\n\t    \t\t    \t\t<div class=\"step-item\">\r\n\t    \t\t\t<i class=\"fas fa-money-check-alt\" aria-hidden=\"true\"><\/i>\t    \t\t\t\t\t\t    \t<div class=\"line\"><\/div>\r\n\t\t\t    \t<h6>\u00d6deme <\/h6>\r\n\t\t    \t<\/div>\r\n\t    \t\t    \t\t<div class=\"step-item\">\r\n\t    \t\t\t\t    \t\t\t<i class=\"ion ion-md-filing ion-ios-filing ion-logo-filing ion-ios-filing\" aria-hidden=\"true\"><\/i>\t\t\t    \t<div class=\"line\"><\/div>\r\n\t\t\t    \t<h6>\u00dcr\u00fcn Kontrol\u00fc <\/h6>\r\n\t\t    \t<\/div>\r\n\t    \t\t    \t\t<div class=\"step-item\">\r\n\t    \t\t\t<i class=\"fas fa-ship\" aria-hidden=\"true\"><\/i>\t    \t\t\t\t\t\t    \t<div class=\"line\"><\/div>\r\n\t\t\t    \t<h6>Sevkiyat <\/h6>\r\n\t\t    \t<\/div>\r\n\t    \t\t    <\/div>\r\n\t    \t\t\t\t<\/div>\n\t\t\t\t<\/div>\n\t\t\t\t\t<\/div>\n\t\t<\/div>\n\t\t\t\t\t<\/div>\n\t\t<\/section>\n\t\t\t\t<\/div>","protected":false},"excerpt":{"rendered":"<p>Sargana D\u0131\u015f TicaretYour Trusted Global Trade Partner OUR SERVICES What we do Import &#038; Export Solutions Complete trade services, from supplier sourcing to customs clearance &#038; delivery. Logistics &#038; Warehousing Secure transportation, customs handling, and storage solutions for seamless trade. Trade Consulting &#038; Business Solutions Expert guidance on regulations, risk management, and strategic trade growth. [&hellip;]<\/p>","protected":false},"author":1,"featured_media":0,"parent":0,"menu_order":0,"comment_status":"closed","ping_status":"closed","template":"","meta":{"footnotes":""},"class_list":["post-944","page","type-page","status-publish","hentry"],"_links":{"self":[{"href":"https:\/\/sarganadisticaret.com.tr\/tr\/wp-json\/wp\/v2\/pages\/944","targetHints":{"allow":["GET"]}}],"collection":[{"href":"https:\/\/sarganadisticaret.com.tr\/tr\/wp-json\/wp\/v2\/pages"}],"about":[{"href":"https:\/\/sarganadisticaret.com.tr\/tr\/wp-json\/wp\/v2\/types\/page"}],"author":[{"embeddable":true,"href":"https:\/\/sarganadisticaret.com.tr\/tr\/wp-json\/wp\/v2\/users\/1"}],"replies":[{"embeddable":true,"href":"https:\/\/sarganadisticaret.com.tr\/tr\/wp-json\/wp\/v2\/comments?post=944"}],"version-history":[{"count":88,"href":"https:\/\/sarganadisticaret.com.tr\/tr\/wp-json\/wp\/v2\/pages\/944\/revisions"}],"predecessor-version":[{"id":2380,"href":"https:\/\/sarganadisticaret.com.tr\/tr\/wp-json\/wp\/v2\/pages\/944\/revisions\/2380"}],"wp:attachment":[{"href":"https:\/\/sarganadisticaret.com.tr\/tr\/wp-json\/wp\/v2\/media?parent=944"}],"curies":[{"name":"wp","href":"https:\/\/api.w.org\/{rel}","templated":true}]}}